{"id":869,"date":"2021-07-27T14:00:40","date_gmt":"2021-07-27T12:00:40","guid":{"rendered":"http:\/\/connection.modeltheme.com\/?page_id=869"},"modified":"2026-02-12T13:12:31","modified_gmt":"2026-02-12T12:12:31","slug":"start","status":"publish","type":"page","link":"https:\/\/simon-pe.de\/main\/","title":{"rendered":"Start"},"content":{"rendered":"<p>[vc_row full_width=&#8221;stretch_row&#8221; css=&#8221;.vc_custom_1467201448005{margin-top: 0px !important;margin-bottom: 0px !important;padding-top: 60px !important;padding-bottom: 0px !important;}&#8221;][vc_column][vc_custom_heading text=&#8221;REGENERATIVE EIGENVERSORGUNG ALS BASIS F\u00dcR EINE \u00d6KONOMISCHE UND \u00d6KOLOGISCHE ZUKUNFT!&#8221; font_container=&#8221;tag:h2|font_size:34px|text_align:left|color:%23ef7900|line_height:40px&#8221; google_fonts=&#8221;font_family:Montserrat%3Aregular%2C700|font_style:400%20regular%3A400%3Anormal&#8221; css=&#8221;.vc_custom_1770898346286{padding-top: 30px !important;padding-bottom: 30px !important;}&#8221;][vc_row_inner][vc_column_inner][vc_column_text]<span style=\"color: #ffffff;\">Die Simon Process Engineering GmbH begleitet Sie von Anfang an bei der Entwicklung, Umsetzung und dem Betrieb von Eigenversorgungskonzepten. Von der Machbarkeitsstudie bis hin zur Software zur automatisierten Betriebsweise in Ihrem Sinne.<\/span><\/p>\n<p><span style=\"color: #ffffff;\">Wir freuen uns zurzeit \u00fcber 50 Kommunen, St\u00e4dte, Landkreise und Industrieunternehmen aus Rheinland-Pfalz, Hessen, Nordrhein-Westfalen und Niedersachsen in diesem Bereich begleiten zu d\u00fcrfen.<\/span><\/p>\n<p><span style=\"color: #ffffff;\">Die Stadt Ludwigshafen am Rhein hat so zum Beispiel ihre Schulen, Sporthallen und Kindertagesst\u00e4tten mit der regenerativen Eigenstromversorgung organisiert. Lesen Sie <a style=\"color: #ef7900;\" href=\"https:\/\/ludwigshafen.de\/aktuelles\/aktuelle-meldungen\/kommunales-investitionsprogramm-klimaschutz-und-innovation-kipki-ausbau-von-photovoltaikanlagen-kurz-vor-abschluss-neues-strombilanzkreissystem-einsatzbereit\" target=\"_blank\" rel=\"noopener\">hier<\/a> mehr zu diesem Beispiel.<\/span>[\/vc_column_text][\/vc_column_inner][\/vc_row_inner][\/vc_column][\/vc_row][vc_row][vc_column][vc_custom_heading text=&#8221;Aktuelles neues Projekt&#8221; font_container=&#8221;tag:h4|font_size:28px|text_align:center|color:%23ef7900|line_height:28px&#8221; google_fonts=&#8221;font_family:Montserrat%3Aregular%2C700|font_style:400%20regular%3A400%3Anormal&#8221; css=&#8221;.vc_custom_1637920298227{padding-top: 0px !important;padding-bottom: 0px !important;}&#8221;][vc_single_image image=&#8221;7411&#8243; img_size=&#8221;medium&#8221; alignment=&#8221;center&#8221; onclick=&#8221;custom_link&#8221; link=&#8221;https:\/\/simon-pe.de\/main\/softwareloesungen\/#heatcockpit&#8221;][vc_single_image image=&#8221;7403&#8243; img_size=&#8221;medium&#8221; alignment=&#8221;center&#8221; onclick=&#8221;custom_link&#8221; css=&#8221;.vc_custom_1749200472902{margin-top: 20px !important;}&#8221;][vc_custom_heading text=&#8221;Weitere Informationen finden Sie hier&#8230;&#8221; font_container=&#8221;tag:h4|font_size:18px|text_align:center|color:%23ef7900|line_height:40px&#8221; google_fonts=&#8221;font_family:Montserrat%3Aregular%2C700|font_style:400%20regular%3A400%3Anormal&#8221; css=&#8221;.vc_custom_1749202051263{padding-top: 0px !important;padding-bottom: 0px !important;}&#8221; link=&#8221;url:https%3A%2F%2Fsimon-pe.de%2Fmain%2Fgeschaeftsmodelloptimierung%23heatcockpit|title:heatCOCKPIT%20Projektinformationen&#8221;][\/vc_column][\/vc_row][vc_row][vc_column][vc_custom_heading text=&#8221;Aktuelles neues Projekt&#8221; font_container=&#8221;tag:h4|font_size:28px|text_align:center|color:%23ef7900|line_height:28px&#8221; google_fonts=&#8221;font_family:Montserrat%3Aregular%2C700|font_style:400%20regular%3A400%3Anormal&#8221; css=&#8221;.vc_custom_1637920298227{padding-top: 0px !important;padding-bottom: 0px !important;}&#8221;][vc_custom_heading text=&#8221;SOWEKI&#8221; font_container=&#8221;tag:h4|font_size:28px|text_align:center|color:%23ef7900|line_height:28px&#8221; google_fonts=&#8221;font_family:Montserrat%3Aregular%2C700|font_style:400%20regular%3A400%3Anormal&#8221; css=&#8221;.vc_custom_1749200521899{padding-top: 0px !important;padding-bottom: 0px !important;}&#8221; link=&#8221;url:https%3A%2F%2Fsoweki.de|title:SOWEKI%20Projektinformationen&#8221;][vc_single_image image=&#8221;7484&#8243; img_size=&#8221;medium&#8221; alignment=&#8221;center&#8221; onclick=&#8221;custom_link&#8221;][vc_custom_heading text=&#8221;&#8221; font_container=&#8221;tag:h4|font_size:28px|text_align:center|color:%23ef7900|line_height:28px&#8221; google_fonts=&#8221;font_family:Montserrat%3Aregular%2C700|font_style:400%20regular%3A400%3Anormal&#8221; css=&#8221;.vc_custom_1749200189508{padding-top: 0px !important;padding-bottom: 0px !important;}&#8221;][vc_single_image image=&#8221;7491&#8243; img_size=&#8221;medium&#8221; alignment=&#8221;center&#8221; onclick=&#8221;custom_link&#8221;][vc_custom_heading text=&#8221;&#8221; font_container=&#8221;tag:h4|font_size:28px|text_align:center|color:%23ef7900|line_height:28px&#8221; google_fonts=&#8221;font_family:Montserrat%3Aregular%2C700|font_style:400%20regular%3A400%3Anormal&#8221; css=&#8221;.vc_custom_1749200189508{padding-top: 0px !important;padding-bottom: 0px !important;}&#8221;][vc_single_image image=&#8221;7478&#8243; img_size=&#8221;medium&#8221; alignment=&#8221;center&#8221; onclick=&#8221;custom_link&#8221;][vc_custom_heading text=&#8221;&#8221; font_container=&#8221;tag:h4|font_size:28px|text_align:center|color:%23ef7900|line_height:28px&#8221; google_fonts=&#8221;font_family:Montserrat%3Aregular%2C700|font_style:400%20regular%3A400%3Anormal&#8221; css=&#8221;.vc_custom_1749200189508{padding-top: 0px !important;padding-bottom: 0px !important;}&#8221;][vc_single_image image=&#8221;7479&#8243; img_size=&#8221;medium&#8221; alignment=&#8221;center&#8221; onclick=&#8221;custom_link&#8221;][vc_custom_heading text=&#8221;Weitere Informationen finden Sie hier&#8230;&#8221; font_container=&#8221;tag:h4|font_size:18px|text_align:center|color:%23ef7900|line_height:40px&#8221; google_fonts=&#8221;font_family:Montserrat%3Aregular%2C700|font_style:400%20regular%3A400%3Anormal&#8221; css=&#8221;.vc_custom_1749200306447{padding-top: 0px !important;padding-bottom: 0px !important;}&#8221; link=&#8221;url:https%3A%2F%2Fsoweki.de|title:SOWEKI%20Projektinformationen&#8221;][\/vc_column][\/vc_row][vc_row][vc_column][vc_custom_heading text=&#8221;Laufendes Projekt&#8221; font_container=&#8221;tag:h4|font_size:28px|text_align:center|color:%23ef7900|line_height:28px&#8221; google_fonts=&#8221;font_family:Montserrat%3Aregular%2C700|font_style:400%20regular%3A400%3Anormal&#8221; css=&#8221;.vc_custom_1749200366805{padding-top: 0px !important;padding-bottom: 0px !important;}&#8221;][vc_custom_heading text=&#8221;ADa&#8221; font_container=&#8221;tag:h4|font_size:28px|text_align:center|color:%23ef7900|line_height:28px&#8221; google_fonts=&#8221;font_family:Montserrat%3Aregular%2C700|font_style:400%20regular%3A400%3Anormal&#8221; css=&#8221;.vc_custom_1749200597147{padding-top: 0px !important;padding-bottom: 0px !important;}&#8221; link=&#8221;url:https%3A%2F%2Fada-system.de|title:ADa%20Projektinformationen&#8221;][vc_single_image image=&#8221;7484&#8243; img_size=&#8221;medium&#8221; alignment=&#8221;center&#8221; onclick=&#8221;custom_link&#8221;][vc_custom_heading text=&#8221;&#8221; font_container=&#8221;tag:h4|font_size:28px|text_align:center|color:%23ef7900|line_height:28px&#8221; google_fonts=&#8221;font_family:Montserrat%3Aregular%2C700|font_style:400%20regular%3A400%3Anormal&#8221; css=&#8221;.vc_custom_1749200189508{padding-top: 0px !important;padding-bottom: 0px !important;}&#8221;][vc_single_image image=&#8221;7478&#8243; img_size=&#8221;medium&#8221; alignment=&#8221;center&#8221; onclick=&#8221;custom_link&#8221;][vc_custom_heading text=&#8221;&#8221; font_container=&#8221;tag:h4|font_size:28px|text_align:center|color:%23ef7900|line_height:28px&#8221; google_fonts=&#8221;font_family:Montserrat%3Aregular%2C700|font_style:400%20regular%3A400%3Anormal&#8221; css=&#8221;.vc_custom_1749200189508{padding-top: 0px !important;padding-bottom: 0px !important;}&#8221;][vc_single_image image=&#8221;7479&#8243; img_size=&#8221;medium&#8221; alignment=&#8221;center&#8221; onclick=&#8221;custom_link&#8221;][vc_custom_heading text=&#8221;Weitere Informationen finden Sie hier&#8230;&#8221; font_container=&#8221;tag:h4|font_size:18px|text_align:center|color:%23ef7900|line_height:40px&#8221; google_fonts=&#8221;font_family:Montserrat%3Aregular%2C700|font_style:400%20regular%3A400%3Anormal&#8221; css=&#8221;.vc_custom_1749200606285{padding-top: 0px !important;padding-bottom: 0px !important;}&#8221; link=&#8221;url:https%3A%2F%2Fada-system.de|title:ADa%20Projektinformationen&#8221;][\/vc_column][\/vc_row][vc_row][vc_column][vc_custom_heading text=&#8221;Pilotprojekt Strombilanzkreis&#8221; font_container=&#8221;tag:h4|font_size:28px|text_align:center|color:%23ef7900|line_height:28px&#8221; google_fonts=&#8221;font_family:Montserrat%3Aregular%2C700|font_style:400%20regular%3A400%3Anormal&#8221; css=&#8221;.vc_custom_1751272984746{padding-top: 0px !important;padding-bottom: 0px !important;}&#8221;][vc_custom_heading text=&#8221;Wir freuen uns auf dieses Projekt, bei dem wir hoffen einen Beitrag f\u00fcr die Abwasserreinigung in Rheinland \u2013 Pfalz leisten zu k\u00f6nnen, um Kostenstabilit\u00e4t und Klimaschutz zu erreichen.&#8221; font_container=&#8221;tag:h4|font_size:18px|text_align:center|color:%23ef7900|line_height:40px&#8221; google_fonts=&#8221;font_family:Montserrat%3Aregular%2C700|font_style:400%20regular%3A400%3Anormal&#8221; css=&#8221;.vc_custom_1751273117390{padding-top: 0px !important;padding-bottom: 0px !important;}&#8221;][vc_custom_heading text=&#8221;Weitere Informationen finden Sie hier&#8230;&#8221; font_container=&#8221;tag:h4|font_size:18px|text_align:center|color:%23ef7900|line_height:40px&#8221; google_fonts=&#8221;font_family:Montserrat%3Aregular%2C700|font_style:400%20regular%3A400%3Anormal&#8221; css=&#8221;.vc_custom_1751272974435{padding-top: 0px !important;padding-bottom: 0px !important;}&#8221; link=&#8221;url:https%3A%2F%2Fsimon-pe.de%2Fmain%2Fwp-content%2Fuploads%2F2025%2F06%2FPilotprojekt-Strombilanzkreis.pdf|title:Pilotprojekt%20Strombilanzkreis&#8221;][\/vc_column][\/vc_row]<\/p>\n","protected":false},"excerpt":{"rendered":"<p>[vc_row full_width=&#8221;stretch_row&#8221; css=&#8221;.vc_custom_1467201448005{margin-top: 0px !important;margin-bottom: 0px !important;padding-top: 60px !important;padding-bottom: 0px !important;}&#8221;][vc_column][vc_custom_heading text=&#8221;REGENERATIVE EIGENVERSORGUNG ALS BASIS F\u00dcR EINE \u00d6KONOMISCHE UND \u00d6KOLOGISCHE ZUKUNFT!&#8221; font_container=&#8221;tag:h2|font_size:34px|text_align:left|color:%23ef7900|line_height:40px&#8221; google_fonts=&#8221;font_family:Montserrat%3Aregular%2C700|font_style:400%20regular%3A400%3Anormal&#8221; css=&#8221;.vc_custom_1770898346286{padding-top: 30px !important;padding-bottom: 30px !important;}&#8221;][vc_row_inner][vc_column_inner][vc_column_text]Die Simon Process Engineering GmbH begleitet Sie von Anfang an bei der Entwicklung, Umsetzung und dem Betrieb von Eigenversorgungskonzepten. Von der Machbarkeitsstudie bis hin zur Software zur automatisierten [&hellip;]<\/p>\n","protected":false},"author":1,"featured_media":0,"parent":0,"menu_order":0,"comment_status":"closed","ping_status":"closed","template":"","meta":{"footnotes":""},"class_list":["post-869","page","type-page","status-publish","hentry"],"_links":{"self":[{"href":"https:\/\/simon-pe.de\/main\/wp-json\/wp\/v2\/pages\/869","targetHints":{"allow":["GET"]}}],"collection":[{"href":"https:\/\/simon-pe.de\/main\/wp-json\/wp\/v2\/pages"}],"about":[{"href":"https:\/\/simon-pe.de\/main\/wp-json\/wp\/v2\/types\/page"}],"author":[{"embeddable":true,"href":"https:\/\/simon-pe.de\/main\/wp-json\/wp\/v2\/users\/1"}],"replies":[{"embeddable":true,"href":"https:\/\/simon-pe.de\/main\/wp-json\/wp\/v2\/comments?post=869"}],"version-history":[{"count":118,"href":"https:\/\/simon-pe.de\/main\/wp-json\/wp\/v2\/pages\/869\/revisions"}],"predecessor-version":[{"id":7508,"href":"https:\/\/simon-pe.de\/main\/wp-json\/wp\/v2\/pages\/869\/revisions\/7508"}],"wp:attachment":[{"href":"https:\/\/simon-pe.de\/main\/wp-json\/wp\/v2\/media?parent=869"}],"curies":[{"name":"wp","href":"https:\/\/api.w.org\/{rel}","templated":true}]}}