{"id":7446,"date":"2025-01-27T15:17:04","date_gmt":"2025-01-27T14:17:04","guid":{"rendered":"https:\/\/simon-pe.de\/main\/?page_id=7446"},"modified":"2025-01-27T15:57:45","modified_gmt":"2025-01-27T14:57:45","slug":"energieregion","status":"publish","type":"page","link":"https:\/\/simon-pe.de\/main\/energieregion\/","title":{"rendered":"Energieregion"},"content":{"rendered":"<p>[vc_row full_width=&#8221;stretch_row&#8221; css=&#8221;.vc_custom_1627478538652{padding-top: 50px !important;}&#8221;][vc_column][vc_row_inner][vc_column_inner][vc_custom_heading text=&#8221;KONZEPT ZUR KOSTENREDUKTION, ERH\u00d6HTEN EIGENSTROMVERSORGUNG, FLEXIBILISIERUNG UND ERH\u00d6HUNG DER VERSORGUNGSSICHERHEIT&#8221; font_container=&#8221;tag:h1|font_size:34px|text_align:left|color:%23ef7900|line_height:30px&#8221; google_fonts=&#8221;font_family:Montserrat%3Aregular%2C700|font_style:400%20regular%3A400%3Anormal&#8221; css=&#8221;.vc_custom_1737985188993{padding-bottom: 20px !important;}&#8221;][vc_column_text css=&#8221;.vc_custom_1737985622563{padding-bottom: 30px !important;}&#8221;]<span style=\"color: #ffffff;\">Um die Eigenstromversorgung und Energieneutralit\u00e4t in Ihrer Kommune oder Ihrem Unternehmen zu gew\u00e4hrleisten, ist der Ausbau erneuerbarer Energien ausschlaggebend. Dabei spart ein gut ausgearbeitetes Konzept wertvolle Zeit und Geld. Ein intelligentes System des Energiemanagements wie ein virtuelles Kraftwerk kann dabei nicht nur Kosten reduzieren, sondern auch durch Flexibilit\u00e4tsvermarktung monetarisiert werden.<\/span><\/p>\n<p><img loading=\"lazy\" decoding=\"async\" class=\"size-medium wp-image-7409 alignleft\" src=\"https:\/\/simon-pe.de\/main\/wp-content\/uploads\/2025\/01\/Freiflaechenanlage-300x159.jpg\" alt=\"\" width=\"300\" height=\"159\" srcset=\"https:\/\/simon-pe.de\/main\/wp-content\/uploads\/2025\/01\/Freiflaechenanlage-300x159.jpg 300w, https:\/\/simon-pe.de\/main\/wp-content\/uploads\/2025\/01\/Freiflaechenanlage-1024x541.jpg 1024w, https:\/\/simon-pe.de\/main\/wp-content\/uploads\/2025\/01\/Freiflaechenanlage-768x406.jpg 768w, https:\/\/simon-pe.de\/main\/wp-content\/uploads\/2025\/01\/Freiflaechenanlage-1536x812.jpg 1536w, https:\/\/simon-pe.de\/main\/wp-content\/uploads\/2025\/01\/Freiflaechenanlage-2048x1082.jpg 2048w\" sizes=\"auto, (max-width: 300px) 100vw, 300px\" \/><\/p>\n<p><span style=\"color: #ffffff;\"><strong>Optimierung Ihrer Eigenstromversorgung durch Energieregionen und innovative L\u00f6sungen des Energiemanagements<\/strong><br \/>\nDie Eigenstromversorgung f\u00fcr Kommunen und Unternehmen gewinnt zunehmend an Bedeutung. Sie basiert auf verschiedenen wichtigen Faktoren wie Versorgungssicherheit, Klimaschutz, Gesundheitsschutz und Kostenvorteilen. In einer zunehmend unsicheren globalen Welt ist die Unabh\u00e4ngigkeit von energiepolitisch instabilen Regionen entscheidend. Dar\u00fcber hinaus tr\u00e4gt die Eigenstromversorgung zur Reduktion von sch\u00e4dlichen Emissionen wie Stickoxiden, Kohlenstoffdioxid und Feinstaub bei und verbessert somit die Lebensqualit\u00e4t vor Ort. Zus\u00e4tzlich hilft die Eigenstromversorgung dabei, eine langfristige Kostensicherheit durch stabile Strompreise zu gew\u00e4hrleisten. Eine zentrale Voraussetzung f\u00fcr die Erreichung dieser Ziele ist eine Fl\u00e4chennutzung zur Installation erneuerbarer Energien.<\/span>[\/vc_column_text][\/vc_column_inner][\/vc_row_inner][vc_column_text css=&#8221;.vc_custom_1737985661590{padding-top: 15px !important;}&#8221;]<a name=\"eigenstromversorgung\"><\/a><br \/>\n<img loading=\"lazy\" decoding=\"async\" class=\"alignnone size-full wp-image-6582\" src=\"https:\/\/simon-pe.de\/main\/wp-content\/uploads\/2021\/08\/Spacer_transparent.png\" alt=\"\" width=\"5\" height=\"5\" \/>[\/vc_column_text][vc_custom_heading text=&#8221;ERNEUERBARE ENERGIEN F\u00dcR IHRE EIGENSTROMVERSORGUNG&#8221; font_container=&#8221;tag:h1|font_size:28px|text_align:left|color:%23ef7900|line_height:30px&#8221; google_fonts=&#8221;font_family:Montserrat%3Aregular%2C700|font_style:400%20regular%3A400%3Anormal&#8221; css=&#8221;.vc_custom_1737985729715{margin-top: -50px !important;}&#8221;][vc_column_text]<img loading=\"lazy\" decoding=\"async\" class=\"size-medium wp-image-7408 alignleft\" src=\"https:\/\/simon-pe.de\/main\/wp-content\/uploads\/2025\/01\/Batteriespeicher-300x200.jpg\" alt=\"\" width=\"300\" height=\"200\" srcset=\"https:\/\/simon-pe.de\/main\/wp-content\/uploads\/2025\/01\/Batteriespeicher-300x200.jpg 300w, https:\/\/simon-pe.de\/main\/wp-content\/uploads\/2025\/01\/Batteriespeicher-1024x682.jpg 1024w, https:\/\/simon-pe.de\/main\/wp-content\/uploads\/2025\/01\/Batteriespeicher-768x512.jpg 768w, https:\/\/simon-pe.de\/main\/wp-content\/uploads\/2025\/01\/Batteriespeicher-1536x1024.jpg 1536w, https:\/\/simon-pe.de\/main\/wp-content\/uploads\/2025\/01\/Batteriespeicher-2048x1365.jpg 2048w, https:\/\/simon-pe.de\/main\/wp-content\/uploads\/2025\/01\/Batteriespeicher-625x415.jpg 625w\" sizes=\"auto, (max-width: 300px) 100vw, 300px\" \/><\/p>\n<p><span style=\"color: #ffffff;\">Erneuerbare Energiequellen wie Photovoltaik sind ein wesentlicher Baustein der Eigenstromversorgung. Insbesondere Photovoltaik-Freifl\u00e4chenanlagen bieten eine kosteng\u00fcnstige M\u00f6glichkeit, Strom zu erzeugen.<\/span><\/p>\n<p><span style=\"color: #ffffff;\">Auch gro\u00dfe Photovoltaik-Aufdachanlagen oder andere Photovoltaik-Varianten k\u00f6nnen zu einer g\u00fcnstigen Stromerzeugung beitragen. Nach der Abschreibung der Investitionskosten sinken die Strompreise durch die Nutzung eigener erneuerbarer Energiequellen langfristig auf ein Minimum, w\u00e4hrend gleichzeitig ein erheblicher Beitrag zum Klimaschutz geleistet wird. Neben der Kostenersparnis erm\u00f6glichen erneuerbare Energien eine Flexibilisierung des Systems und so eine Vermarktung dieser Flexibilit\u00e4t. So kann kosteng\u00fcnstiger CO2-freier Strom selbst genutzt oder Wertsch\u00f6pfungspotentiale an den B\u00f6rsen oder im Bereich der Systemdienstleistungen genutzt werden.<\/span><\/p>\n<p><strong><span style=\"color: #ffffff;\">Was bedeutet Vermarktung von Flexibilit\u00e4t?<\/span><\/strong><\/p>\n<p><span style=\"color: #ffffff;\">Die Vermarktung von Flexibilit\u00e4t bedeutet im Energiesektor, dass Strom zeitlich flexibel aus dem Netz aufgenommen werden kann bzw. an das Netz abgegeben werden kann, wenn zu viel oder zu wenig Energie im Netz vorhanden ist. Um zu funktionieren ist das Stromnetz davon abh\u00e4ngig, dass st\u00e4ndig eine konstante Menge Energie im Netz steckt. So kann man mit einem kurzfristig abrufbaren Energiespeicher zur Energiesicherheit beitragen und so erneuerbare Energien effektiv monetarisieren.<\/span>[\/vc_column_text][vc_column_text css=&#8221;.vc_custom_1737986075478{padding-top: 15px !important;}&#8221;]<a name=\"vision\"><\/a><br \/>\n<img loading=\"lazy\" decoding=\"async\" class=\"alignnone size-full wp-image-6582\" src=\"https:\/\/simon-pe.de\/main\/wp-content\/uploads\/2021\/08\/Spacer_transparent.png\" alt=\"\" width=\"5\" height=\"5\" \/>[\/vc_column_text][vc_custom_heading text=&#8221;DIE VISION DER ENERGIEREGION \u2013 DAS STROMBILANZKREISMODELL ALS WEGWEISER ZUR ENERGIENEUTRALIT\u00c4T&#8221; font_container=&#8221;tag:h1|font_size:28px|text_align:left|color:%23ef7900|line_height:30px&#8221; google_fonts=&#8221;font_family:Montserrat%3Aregular%2C700|font_style:400%20regular%3A400%3Anormal&#8221;][vc_column_text]<span style=\"color: #ffffff;\">Ein zukunftsweisendes Konzept zur Eigenstromversorgung sind Energieregionen, auch bekannt als Strombilanzkreismodelle. Eine Energieregion strebt an, einen energieautarken, regionalen Verbund zu schaffen, dessen Strombilanzkreis sich erneuerbar und hocheffizient \u00fcber die Verbrauchssektoren sowohl mengenm\u00e4\u00dfig als auch zeitlich ausgleicht. Der Fokus liegt auf einer langfristigen, kontinuierlichen Entwicklung der Eigenstromversorgung und einer nachhaltigen und stetigen Steigerung der Energieeffizienz.<\/span>[\/vc_column_text][vc_column_text css=&#8221;.vc_custom_1737986143014{padding-top: 15px !important;}&#8221;]<a name=\"expertise\"><\/a><br \/>\n<img loading=\"lazy\" decoding=\"async\" class=\"alignnone size-full wp-image-6582\" src=\"https:\/\/simon-pe.de\/main\/wp-content\/uploads\/2021\/08\/Spacer_transparent.png\" alt=\"\" width=\"5\" height=\"5\" \/>[\/vc_column_text][vc_custom_heading text=&#8221;UNSERE EXPERTISE IN DER ENTWICKLUNG VON ENERGIEREGIONEN&#8221; font_container=&#8221;tag:h1|font_size:28px|text_align:left|color:%23ef7900|line_height:30px&#8221; google_fonts=&#8221;font_family:Montserrat%3Aregular%2C700|font_style:400%20regular%3A400%3Anormal&#8221;][vc_column_text]<span style=\"color: #ffffff;\">Mit \u00fcber 20 Jahren Erfahrung bieten wir Ihnen bei der Simon Process Engineering GmbH umfassende Unterst\u00fctzung bei der Entwicklung und Optimierung von Energieregionen im Strombilanzkreismodell. Unser Service umfasst die Konzeption eines ma\u00dfgeschneiderten Strombilanzkreises in Ihrer Energieregion mit technischem Konzeption, energiewirtschaftlicher Optimierung und detaillierter Wirtschaftlichkeitsberechnung. Dabei ber\u00fccksichtigen wir alle relevanten Faktoren zur Bewertung der Potentiale f\u00fcr die Eigenstromversorgung und f\u00fcr die Flexibilisierung durch moderne Energiemanagementl\u00f6sungen. Die energiewirtschaftliche Optimierung umfasst beispielsweise die Vermarktung von energetischer Flexibilit\u00e4t in den Stromm\u00e4rkten.<\/span>[\/vc_column_text][vc_column_text css=&#8221;.vc_custom_1737986219690{padding-top: 15px !important;}&#8221;]<a name=\"phasen\"><\/a><br \/>\n<img loading=\"lazy\" decoding=\"async\" class=\"alignnone size-full wp-image-6582\" src=\"https:\/\/simon-pe.de\/main\/wp-content\/uploads\/2021\/08\/Spacer_transparent.png\" alt=\"\" width=\"5\" height=\"5\" \/>[\/vc_column_text][vc_custom_heading text=&#8221;PHASEN DER ENTWICKLUNG EINER ENERGIEREGION&#8221; font_container=&#8221;tag:h1|font_size:28px|text_align:left|color:%23ef7900|line_height:30px&#8221; google_fonts=&#8221;font_family:Montserrat%3Aregular%2C700|font_style:400%20regular%3A400%3Anormal&#8221;][vc_column_text]<img loading=\"lazy\" decoding=\"async\" class=\"size-medium wp-image-7454 alignleft\" src=\"https:\/\/simon-pe.de\/main\/wp-content\/uploads\/2025\/01\/Schema-Energieregion-300x236.png\" alt=\"\" width=\"300\" height=\"236\" srcset=\"https:\/\/simon-pe.de\/main\/wp-content\/uploads\/2025\/01\/Schema-Energieregion-300x236.png 300w, https:\/\/simon-pe.de\/main\/wp-content\/uploads\/2025\/01\/Schema-Energieregion.png 344w\" sizes=\"auto, (max-width: 300px) 100vw, 300px\" \/><\/p>\n<p><span style=\"color: #ffffff;\"><strong>1. Konzeption und Analyse:<\/strong> In der ersten Phase der Zusammenarbeit erstellen wir gemeinsam das Konzept f\u00fcr Ihre Energieregion und erarbeiten einen effizienten Strombilanzkreis. Wir untersuchen Potenziale zur Eigenstromversorgung und ermitteln die gew\u00fcnschten Kennzahlen beispielsweise zur CO2-Einsparung oder Energieneutralit\u00e4t. Auch die energiewirtschaftliche Optimierung sowie eine wirtschaftliche Berechnung sind Teil des ersten Konzeptes.<\/span><\/p>\n<p><span style=\"color: #ffffff;\"><strong>2. Umsetzungsplanung:<\/strong> Um das Konzept effizient umzusetzen, unterst\u00fctzen wir Sie bei der Auswahl von Partnern und der Beschaffung von Angeboten f\u00fcr die Umsetzung von Ma\u00dfnahmen zur Eigenstromversorgung. Hierzu z\u00e4hlen auch die Kl\u00e4rung der Netzanbindung und die Zusammenarbeit mit Verteilnetzbetreibern. Auch bei der Organisation von Ausschreibungen und den ersten Schritten der Flexibilit\u00e4tsvermarktung unterst\u00fctzen wir Sie.<\/span><\/p>\n<p><span style=\"color: #ffffff;\"><strong>3. Automatisierung und Integration:<\/strong> In der dritten Phase setzen wir auf ein hardwareorientiertes Digitalisierungskonzept, dass beispielsweise als Internet Of Things (IoT) die vorhandene Infrastruktur erg\u00e4nzt. Unsere fortschrittliche Softwarel\u00f6sung <strong><span style=\"color: #ef7900;\">flexCOCKPIT<sup>\u00ae<\/sup><\/span><\/strong> wird dabei daf\u00fcr eingesetzt, Ihre Energieregion und Ihren Strombilanzkreis zu optimieren. Unsere Software <strong><span style=\"color: #ef7900;\">flexCOCKPIT<sup>\u00ae<\/sup><\/span><\/strong> basiert auf \u00fcber 20 Jahren Erfahrung im Bereich des Energiemanagements und \u00fcber 10 Jahre im Bereich des virtuellen Kraftwerks. Sie erm\u00f6glicht eine pr\u00e4zise Analyse und Optimierung von Energieproduktion und Energienutzung. Die Software <strong><span style=\"color: #ef7900;\">flexCOCKPIT<sup>\u00ae<\/sup><\/span><\/strong> erfasst Ist-Daten, prognostiziert mithilfe von innovativen KI-Methoden den Strombedarf und die Eigenstromerzeugung durch PV- oder Windkraft-Anlagen. Au\u00dferdem sorgt sie f\u00fcr die Automatisierung von Flexibilit\u00e4tsfahrpl\u00e4nen unter Einbindung der Stromm\u00e4rkte.<\/span><\/p>\n<p><span style=\"color: #ffffff;\"><strong>4. Langfristige Unterst\u00fctzung und Weiterentwicklung:<\/strong> Die Zusammenarbeit mit uns endet nicht nach der Implementierung des Strombilanzkreises in Ihrer Energieregion. Wir bieten Ihnen eine langfristige Begleitung, um die Systeme kontinuierlich zu optimieren und auf neue Entwicklungen in den Energiem\u00e4rkten zu reagieren. Unsere Software <strong><span style=\"color: #ef7900;\">flexCOCKPIT<sup>\u00ae<\/sup><\/span><\/strong> erm\u00f6glicht eine fortlaufende Anpassung an ver\u00e4nderte Marktbedingungen und unterst\u00fctzt Sie bei der Integration von neuen Technologien, etwa im Bereich W\u00e4rme oder Mobilit\u00e4t.<\/span><\/p>\n<p><span style=\"color: #ffffff;\"><strong>5. Synergieeffekte durch Zusammenarbeit mit Nachbarn:<\/strong> F\u00fcr den langfristigen Erfolg Ihrer Energieregion ist die Zusammenarbeit mit benachbarten Gemeinden oder Unternehmensstandorten sinnvoll. Durch die Bildung eines regionalen Strombilanzkreismodelles k\u00f6nnen Synergieeffekte in der Energieerzeugung und -vermarktung genutzt werden. Zur Kooperation mit Nachbarn unterst\u00fctzen wir Sie in zwei Phasen: bei der Suche nach passenden Partnern und der gemeinsamen Konzeption eines Gesch\u00e4ftsmodells. Durch die Zusammenarbeit werden Beschaffungskosten reduziert und so die Vermarktung in den Flexibilit\u00e4tsm\u00e4rkten vereinfacht.<\/span>[\/vc_column_text][vc_column_text css=&#8221;.vc_custom_1737989822029{padding-top: 15px !important;}&#8221;]<a name=\"studienphase\"><\/a><br \/>\n<img loading=\"lazy\" decoding=\"async\" class=\"alignnone size-full wp-image-6582\" src=\"https:\/\/simon-pe.de\/main\/wp-content\/uploads\/2021\/08\/Spacer_transparent.png\" alt=\"\" width=\"5\" height=\"5\" \/>[\/vc_column_text][vc_custom_heading text=&#8221;STUDIENPHASE UND MA\u00dfGESCHNEIDERTE PLANUNG&#8221; font_container=&#8221;tag:h1|font_size:28px|text_align:left|color:%23ef7900|line_height:30px&#8221; google_fonts=&#8221;font_family:Montserrat%3Aregular%2C700|font_style:400%20regular%3A400%3Anormal&#8221;][vc_column_text]<span style=\"color: #ffffff;\">Die Entwicklung einer Energieregion und damit eines Strombilanzkreises beginnt mit einer detaillierten Studienphase. Hier werden potenzielle Partner identifiziert und die M\u00f6glichkeiten f\u00fcr den Ausbau der erneuerbaren Energien analysiert. Auch die Integration weiterer evtl. vorhandener erneuerbarer Stromerzeuger oder hocheffizienter KWK (Kraft-W\u00e4rme-Kopplung) wird in dieser Phase untersucht. Besonders die Nutzung von Batteriespeichern als Kernst\u00fcck einer Energieregion wird dabei individuell gepr\u00fcft, um diese f\u00fcr die energiewirtschaftliche Optimierung einzusetzen.<\/span>[\/vc_column_text][vc_column_text css=&#8221;.vc_custom_1737989867204{padding-top: 15px !important;}&#8221;]<a name=\"umsetzungsphase\"><\/a><br \/>\n<img loading=\"lazy\" decoding=\"async\" class=\"alignnone size-full wp-image-6582\" src=\"https:\/\/simon-pe.de\/main\/wp-content\/uploads\/2021\/08\/Spacer_transparent.png\" alt=\"\" width=\"5\" height=\"5\" \/>[\/vc_column_text][vc_custom_heading text=&#8221;UMSETZUNGSPHASE UND KONTINUIERLICHE OPTIMIERUNG&#8221; font_container=&#8221;tag:h1|font_size:28px|text_align:left|color:%23ef7900|line_height:30px&#8221; google_fonts=&#8221;font_family:Montserrat%3Aregular%2C700|font_style:400%20regular%3A400%3Anormal&#8221;][vc_column_text]<span style=\"color: #ffffff;\">Auf Basis der angefertigten Studien erstellen wir ein Digitalisierungskonzept zur Automatisierung aller relevanten Prozesse mit unserer Software <strong><span style=\"color: #ef7900;\">flexCOCKPIT<sup>\u00ae<\/sup><\/span><\/strong>. Zwecks kontinuierlichen Optimierung des Konzepts reagieren wir in einer langfristigen Zusammenarbeit auf Ver\u00e4nderungen am Markt und streben eine Zusammenarbeit mit Nachbarn an. Dadurch wird die Energieregion vergr\u00f6\u00dfert und der Strombilanzkreis immer effizienter.<\/span>[\/vc_column_text][vc_column_text css=&#8221;.vc_custom_1737987056431{padding-top: 15px !important;}&#8221;]<a name=\"zukunft\"><\/a><br \/>\n<img loading=\"lazy\" decoding=\"async\" class=\"alignnone size-full wp-image-6582\" src=\"https:\/\/simon-pe.de\/main\/wp-content\/uploads\/2021\/08\/Spacer_transparent.png\" alt=\"\" width=\"5\" height=\"5\" \/>[\/vc_column_text][vc_custom_heading text=&#8221;IHRE ZUKUNFT IN EINER ENERGIENEUTRALEN REGION&#8221; font_container=&#8221;tag:h1|font_size:28px|text_align:left|color:%23ef7900|line_height:30px&#8221; google_fonts=&#8221;font_family:Montserrat%3Aregular%2C700|font_style:400%20regular%3A400%3Anormal&#8221;][vc_column_text]<span style=\"color: #ffffff;\">Mit unserer Expertise in Strombilanzkreismodellen, Eigenstromversorgung, Energiemanagement und der Automatisierung von Flexibilit\u00e4ten \u00fcber virtuelle Kraftwerke bringen wir Sie auf den Weg zur Energieneutralit\u00e4t. Wir bieten Ihnen eine langfristige Begleitung, um Ihre Ziele der Nachhaltigkeit und Versorgungssicherheit zu erreichen. Lassen Sie uns gemeinsam Ihre Energieregion entwickeln und die Energiewende vor Ort vorantreiben.<\/span><\/p>\n<p><span style=\"color: #ef7900;\">F\u00fcr Anfragen wenden Sie sich gerne an uns.<\/span>[\/vc_column_text][\/vc_column][\/vc_row]<\/p>\n","protected":false},"excerpt":{"rendered":"<p>[vc_row full_width=&#8221;stretch_row&#8221; css=&#8221;.vc_custom_1627478538652{padding-top: 50px !important;}&#8221;][vc_column][vc_row_inner][vc_column_inner][vc_custom_heading text=&#8221;KONZEPT ZUR KOSTENREDUKTION, ERH\u00d6HTEN EIGENSTROMVERSORGUNG, FLEXIBILISIERUNG UND ERH\u00d6HUNG DER VERSORGUNGSSICHERHEIT&#8221; font_container=&#8221;tag:h1|font_size:34px|text_align:left|color:%23ef7900|line_height:30px&#8221; google_fonts=&#8221;font_family:Montserrat%3Aregular%2C700|font_style:400%20regular%3A400%3Anormal&#8221; css=&#8221;.vc_custom_1737985188993{padding-bottom: 20px !important;}&#8221;][vc_column_text css=&#8221;.vc_custom_1737985622563{padding-bottom: 30px !important;}&#8221;]Um die Eigenstromversorgung und Energieneutralit\u00e4t in Ihrer Kommune oder Ihrem Unternehmen zu gew\u00e4hrleisten, ist der Ausbau erneuerbarer Energien ausschlaggebend. Dabei spart ein gut ausgearbeitetes Konzept wertvolle Zeit und Geld. Ein intelligentes System des [&hellip;]<\/p>\n","protected":false},"author":1,"featured_media":0,"parent":0,"menu_order":1,"comment_status":"closed","ping_status":"closed","template":"","meta":{"footnotes":""},"class_list":["post-7446","page","type-page","status-publish","hentry"],"_links":{"self":[{"href":"https:\/\/simon-pe.de\/main\/wp-json\/wp\/v2\/pages\/7446","targetHints":{"allow":["GET"]}}],"collection":[{"href":"https:\/\/simon-pe.de\/main\/wp-json\/wp\/v2\/pages"}],"about":[{"href":"https:\/\/simon-pe.de\/main\/wp-json\/wp\/v2\/types\/page"}],"author":[{"embeddable":true,"href":"https:\/\/simon-pe.de\/main\/wp-json\/wp\/v2\/users\/1"}],"replies":[{"embeddable":true,"href":"https:\/\/simon-pe.de\/main\/wp-json\/wp\/v2\/comments?post=7446"}],"version-history":[{"count":14,"href":"https:\/\/simon-pe.de\/main\/wp-json\/wp\/v2\/pages\/7446\/revisions"}],"predecessor-version":[{"id":7472,"href":"https:\/\/simon-pe.de\/main\/wp-json\/wp\/v2\/pages\/7446\/revisions\/7472"}],"wp:attachment":[{"href":"https:\/\/simon-pe.de\/main\/wp-json\/wp\/v2\/media?parent=7446"}],"curies":[{"name":"wp","href":"https:\/\/api.w.org\/{rel}","templated":true}]}}