{"id":7414,"date":"2025-01-27T11:13:53","date_gmt":"2025-01-27T10:13:53","guid":{"rendered":"https:\/\/simon-pe.de\/main\/?page_id=7414"},"modified":"2025-01-29T11:55:31","modified_gmt":"2025-01-29T10:55:31","slug":"softwareloesungen","status":"publish","type":"page","link":"https:\/\/simon-pe.de\/main\/softwareloesungen\/","title":{"rendered":"Softwarel\u00f6sungen"},"content":{"rendered":"<p>[vc_row full_width=&#8221;stretch_row&#8221; css=&#8221;.vc_custom_1627478538652{padding-top: 50px !important;}&#8221;][vc_column][vc_row_inner css=&#8221;.vc_custom_1629104178690{margin-bottom: -100px !important;}&#8221;][vc_column_inner][vc_custom_heading text=&#8221;UMSETZUNG DER REGENERATIVEN EIGENSTROMVERSORGUNG IM VERBUND MITTELS DIGITALISIERUNG&#8221; font_container=&#8221;tag:h1|font_size:34px|text_align:left|color:%23ef7900|line_height:30px&#8221; google_fonts=&#8221;font_family:Montserrat%3Aregular%2C700|font_style:400%20regular%3A400%3Anormal&#8221; css=&#8221;.vc_custom_1737975486970{padding-bottom: 20px !important;}&#8221;][vc_column_text css=&#8221;.vc_custom_1629374872180{padding-bottom: 30px !important;}&#8221;]<span style=\"color: #ffffff;\">Die Digitalisierung ist ein wesentlicher Baustein der Gesch\u00e4ftsmodelloptimierung. Wir sind seit mehreren Jahrzehnten als Softwareentwickler im Bereich der Energieversorgung t\u00e4tig. Angefangen vom Energieinformationssystem, zur Lastspitzenkappung, zu den M\u00f6glichkeiten eines virtuellen Kraftwerks, zur zustandsorientierten Wartung, usw.<\/span><\/p>\n<p><span style=\"color: #ffffff;\">Aber auch die Information, Ausbildung und Unterst\u00fctzung der Mitarbeiter*innen ist ein wesentlicher Baustein zum Erfolg.<\/span>[\/vc_column_text][\/vc_column_inner][\/vc_row_inner][vc_column_text css=&#8221;.vc_custom_1637921230974{padding-top: 15px !important;}&#8221;]<a name=\"flexcockpit\"><\/a><br \/>\n<img loading=\"lazy\" decoding=\"async\" class=\"alignnone size-full wp-image-6582\" src=\"https:\/\/simon-pe.de\/main\/wp-content\/uploads\/2021\/08\/Spacer_transparent.png\" alt=\"\" width=\"5\" height=\"5\" \/>[\/vc_column_text][vc_column_text]<\/p>\n<h2><span style=\"color: #ef7900; line-height: 200%;\">DIE SOFTWARE VIRTUELLES KRAFTWERK flexCOCKPIT<sup>\u00ae<\/sup><\/span><\/h2>\n<h3><span style=\"color: #ef7900; line-height: 200%;\">eine industrielle Smart-Grid-L\u00f6sung<\/span><\/h3>\n<p><span style=\"color: #ffffff;\">Bereits seit 2020 haben wir uns auf das Feld der lokalen virtuellen Kraftwerke z.B. f\u00fcr Kommunen oder die Industrie konzentriert. Zuvor entwickelten wir bereits seit 2013 bundesweit virtuelle Kraftwerke. Durch diese jahrelange Erfahrung im Bereich der virtuellen Kraftwerke konnten wir mit <strong><span style=\"color: #ef7900;\">flexCOCKPIT<sup>\u00ae<\/sup><\/span><\/strong> eine innovative L\u00f6sung schaffen, die mittels einer Vernetzung von Stromerzeugern und -verbrauchern eine energiewirtschaftliche Optimierung in Hinblick auf die verschiedenen Stromm\u00e4rkten erm\u00f6glicht.<\/span><\/p>\n<p><span style=\"color: #ffffff;\">Die Software <strong><span style=\"color: #ef7900;\">flexCOCKPIT<sup>\u00ae<\/sup><\/span><\/strong> ist eine ma\u00dfgeschneiderte Smart-Grid-L\u00f6sung f\u00fcr Unternehmen und Kommunen, die die Energieversorgung effizient und wirtschaftlich optimiert. Dies bedeutet, dass die Software eingesetzt wird, um ein lokales elektrisches Netz, einen sogenannten Strombilanzkreis, intelligent zu steuern. Die Software kann an unterschiedliche Anforderungen flexibel angepasst werden. Sie erfasst zun\u00e4chst Messdaten, die anschlie\u00dfend verarbeitet, visualisiert und archiviert werden. Als Reaktion auf bestimmte Entwicklungen der Daten oder manuellen Einstellungen k\u00f6nnen Soll-Wertvorgaben bzw. Steuerbefehle generiert und \u00fcbermittelt werden, die auch der Visualisierung und Archivierung zugef\u00fchrt werden. \u00dcber unsere Software <strong><span style=\"color: #ef7900;\">flexCOCKPIT<sup>\u00ae<\/sup><\/span><\/strong> und die im Softwarepaket verf\u00fcgbaren Industrieschnittstellen sind eine Vielzahl von Anlagen b\u00fcndelbar.<\/span><\/p>\n<p><span style=\"color: #ffffff;\">Mit <strong><span style=\"color: #ef7900;\">flexCOCKPIT<sup>\u00ae<\/sup><\/span><\/strong> \u00fcberwachen und steuern Sie Ihre Energiefl\u00fcsse, nehmen bspw. eine optimale Lastspitzenkappung vor und profitieren von einer nachhaltigen und wirtschaftlichen Energieversorgung.<\/span><\/p>\n<p><strong><span style=\"color: #ffffff;\">Modularer Aufbau f\u00fcr maximale Flexibilit\u00e4t<\/span><\/strong><\/p>\n<p><span style=\"color: #ffffff;\"><strong><span style=\"color: #ef7900;\">flexCOCKPIT<sup>\u00ae<\/sup><\/span><\/strong> ist ein browserbasiertes, modular aufgebautes Softwaresystem, das an die Bed\u00fcrfnisse Ihres Unternehmens angepasst werden kann. Es besteht aus verschiedenen Modulen, die Ihnen die volle Kontrolle \u00fcber Ihre Energiedaten geben und eine effiziente Steuerung erm\u00f6glichen.<\/span><\/p>\n<p><strong><span style=\"color: #ffffff;\">IO-Modul: Zentrale Datenschnittstelle<\/span><\/strong><\/p>\n<p><span style=\"color: #ffffff;\">Das IO-Modul von <strong><span style=\"color: #ef7900;\">flexCOCKPIT<sup>\u00ae<\/sup><\/span><\/strong> agiert als zentraler Serverprozess, der alle relevanten Mess- und Steuerdaten erfasst, speichert und verarbeitet. Hier werden Messdaten in Echtzeit visualisiert und Sollwerte festgelegt. Es geht hierbei vor allem darum, Transparenz zu schaffen und mit der benutzerfreundlichen Oberfl\u00e4che eine einfache Interaktion mit den Energiedaten zu erm\u00f6glichen. Bez\u00fcglich der Kommunikation der Software <strong><span style=\"color: #ef7900;\">flexCOCKPIT<sup>\u00ae<\/sup><\/span><\/strong> mit Z\u00e4hlern und anderer bereits vorhandener Hardware haben wir langj\u00e4hrige Erfahrung mit den Protokollen M-Bus, ModBus, OPC bis LoRaWAN und sind auch in der Lage, weitere Kommunikationsstrecken aufzubauen.<\/span><\/p>\n<p><strong><span style=\"color: #ffffff;\">Datenvisualisierung<\/span><\/strong><\/p>\n<p><span style=\"color: #ffffff;\">Die Software <strong><span style=\"color: #ef7900;\">flexCOCKPIT<sup>\u00ae<\/sup><\/span><\/strong> bietet vielseitige Visualisierungsoptionen, um Daten klar und anschaulich darzustellen. Ob in Echtzeit-Diagrammen, Grafiken oder interaktiven Dashboards \u2013 Sie k\u00f6nnen die Darstellungsart w\u00e4hlen, die es Ihnen erlaubt, die schnellsten und besten Entscheidungen f\u00fcr Ihr Vorhaben zu treffen. Das automatisierte, virtuelle Kraftwerk kann durch angepasste Datenvisualisierung und die intuitive Benutzeroberfl\u00e4che jederzeit durch manuelle Eingaben erg\u00e4nzt werden. <\/span><\/p>\n<p><strong><span style=\"color: #ffffff;\">Peakshaving-Modul: Lastspitzenkappung und Optimierung<\/span><\/strong><\/p>\n<p><span style=\"color: #ffffff;\">Das Peakshaving-Modul von <strong><span style=\"color: #ef7900;\">flexCOCKPIT<sup>\u00ae<\/sup><\/span><\/strong> erm\u00f6glicht eine effektive Lastspitzenkappung, indem es den Strombezug kontinuierlich \u00fcberwacht und bei Bedarf einen Lastabwurf einleitet. In Echtzeit und \u00fcber historische Daten wird eine pr\u00e4zise Prognose f\u00fcr das laufende 15-Minuten-Intervall erstellt. Sollte eine \u00dcberschreitung der maximalen Lastleistung drohen, erfolgt eine Warnung und, falls notwendig, ein Lastabwurf. Dabei werden im System Priorit\u00e4ten beachtet, sodass ein sicherer Betrieb jederzeit gew\u00e4hrleistet werden kann.<\/span><\/p>\n<p><strong><span style=\"color: #ffffff;\">Was ist Peakshaving?<\/span><\/strong><\/p>\n<p><span style=\"color: #ffffff;\">Peakshaving, zu Deutsch Lastspitzenkappung, bezeichnet die Technik, die es Unternehmen und anderen Gro\u00dfabnehmern erm\u00f6glicht die vom Netzbetreiber bezogene Maximallast zu verringern. Das f\u00fchrt zu einer Reduktion des Leistungspreises der Netzentgelte und spart somit Kosten.<\/span><\/p>\n<p><span style=\"color: #ffffff;\"><img loading=\"lazy\" decoding=\"async\" class=\"wp-image-6643 alignleft\" src=\"https:\/\/simon-pe.de\/main\/wp-content\/uploads\/2021\/10\/Bild-LOKALE-VIRTUELLE-KRAFTWERKE-flexCOCKPIT.png\" alt=\"\" width=\"300\" height=\"150\" \/><\/span><\/p>\n<p><span style=\"color: #ffffff;\">Durch das Abfangen der Lastspitzen kann der Leistungspreis der Netzentgelte reduziert werden. Auch kann die Flexibilit\u00e4t zur Reduktion der Netzentgelte \u00fcber die <a style=\"color: #ef7900;\" href=\"https:\/\/simon-pe.de\/main\/geschaeftsmodelloptimierung\/reduktion-der-netzentgelte\/\">atypische Netznutzung<\/a> gem\u00e4\u00df der Netzentgeltverordnung (StromNEV) nach \u00a7 19 Abs. 2 Satz 1 (Hochlastzeitfenster) oder Satz 2 (7000 Stunden Regel) eingesetzt werden.<\/span><\/p>\n<p>&nbsp;<\/p>\n<p><strong><span style=\"color: #ffffff;\">Wirtschaftliche Optimierung \u00fcber die Spotm\u00e4rkte<\/span><\/strong><\/p>\n<p><span style=\"color: #ffffff;\">Ein lokales virtuelles Kraftwerk bietet auch im Strommarkt gro\u00dfe Vorteile. Durch die wachsende Volatilit\u00e4t der Spotm\u00e4rkte entstehen immer h\u00e4ufiger negative oder sehr hohe Strompreise. In diesen Situationen erm\u00f6glicht das virtuelle Kraftwerk, den Strombezug strategisch anzupassen \u2013 entweder durch erh\u00f6hte Abnahme bei negativen Preisen oder Reduktion des Energiebezugs bei erh\u00f6hten Preisen.<\/span><\/p>\n<p><strong><span style=\"color: #ffffff;\">Vorteile der <span style=\"color: #ef7900;\">flexCOCKPIT<sup>\u00ae<\/sup><\/span> Software<\/span><\/strong><\/p>\n<p><span style=\"color: #ffffff;\">Die Nutzung von <strong><span style=\"color: #ef7900;\">flexCOCKPIT<sup>\u00ae<\/sup><\/span><\/strong> bietet zahlreiche Vorteile f\u00fcr Ihr Unternehmen oder Ihre Kommune:<\/span><\/p>\n<ul>\n<li style=\"color: #ef7900;\"><span style=\"color: #ffffff;\"><strong>Optimierung des Strombilanzkreises:<\/strong> Durch pr\u00e4zises Management Ihrer Energiedaten senken Sie Ihre Energiekosten und erh\u00f6hen die Effizienz Ihrer Energieversorgung. Durch <strong><span style=\"color: #ef7900;\">flexCOCKPIT<sup>\u00ae<\/sup><\/span><\/strong> kann der Strombilanzkreis erweitert werden und so die Energienutzung weiter optimiert werden.<\/span><\/li>\n<li style=\"color: #ef7900;\"><span style=\"color: #ffffff;\"><strong>Reduzierung von Lastspitzen und Kostenersparnis:<\/strong> Durch gezieltes Peakshaving und die effiziente Nutzung erneuerbarer Energien reduzieren Sie Lastspitzen und sparen durch Reduktion des Leistungspreises der Netzentgelte laufende Kosten. Gleichzeitig tragen Sie ma\u00dfgeblich zur Schonung von Ressourcen bei.<\/span><\/li>\n<li style=\"color: #ef7900;\"><span style=\"color: #ffffff;\"><strong>Flexibilit\u00e4tsvermarktung:<\/strong> In Kombination bspw. mit einem Batteriespeicher er\u00f6ffnet <strong><span style=\"color: #ef7900;\">flexCOCKPIT<sup>\u00ae<\/sup><\/span><\/strong> die M\u00f6glichkeit zur Flexibilit\u00e4tsvermarktung, was Ihnen eine zus\u00e4tzliche Einnahmequelle bieten kann. Auch ohne zus\u00e4tzlichen Batteriespeicher kann die Software <strong><span style=\"color: #ef7900;\">flexCOCKPIT<sup>\u00ae<\/sup><\/span><\/strong> dabei helfen, den eigenen Verbrauch an den Markt anzupassen und so Kosten zu sparen.<\/span><\/li>\n<li style=\"color: #ef7900;\"><span style=\"color: #ffffff;\"><strong>Nachhaltige und wirtschaftliche Energieversorgung:<\/strong> Durch die Nutzung unserer Smart-Grid-Software <strong><span style=\"color: #ef7900;\">flexCOCKPIT<sup>\u00ae<\/sup><\/span><\/strong> steigern Sie Ihre Energieeffizienz und reduzieren CO2-Emissionen \u2013 f\u00fcr eine smartere, gr\u00fcnere Zukunft.<\/span><\/li>\n<\/ul>\n<p><strong><span style=\"color: #ffffff;\">Intuitive Bedienung und individuelle Anpassung<\/span><\/strong><\/p>\n<p><span style=\"color: #ffffff;\">Die intuitive Benutzeroberfl\u00e4che erm\u00f6glicht eine einfache Interaktion der Benutzer mit Daten und Anwendungen. Durch unsere Schulungen stellen wir sicher, dass alle Benutzer optimal auf den spezifischen Anwendungsfall vorbereitet sind. <strong><span style=\"color: #ef7900;\">flexCOCKPIT<sup>\u00ae<\/sup><\/span><\/strong> bietet die M\u00f6glichkeit, zus\u00e4tzliche, kundenspezifische Module zu entwickeln und zu integrieren. So k\u00f6nnen spezifische Anforderungen erf\u00fcllt und die Software individuell an die Bed\u00fcrfnisse Ihres Unternehmens angepasst werden.<\/span><\/p>\n<p><strong><span style=\"color: #ffffff;\">Profitieren Sie von einer intelligenten, nachhaltigen und kostensparenden L\u00f6sung<\/span><\/strong><\/p>\n<p><span style=\"color: #ffffff;\">Mit <strong><span style=\"color: #ef7900;\">flexCOCKPIT<sup>\u00ae<\/sup><\/span><\/strong> setzen Sie auf eine intelligente Smart-Grid-L\u00f6sung, die Ihnen hilft, Lastspitzen zu reduzieren, Ihre Energiekosten zu senken und Ihre Energieversorgung nachhaltig und zukunftssicher zu gestalten. Nutzen Sie die Vorteile des Softwarepakets, um Ihre Energienutzung zu optimieren.<\/span><\/p>\n<p><span style=\"color: #ef7900;\">Bei Fragen wenden Sie sich gerne an uns.<\/span>[\/vc_column_text][vc_column_text css=&#8221;.vc_custom_1637922128694{padding-top: 15px !important;}&#8221;]<a name=\"heatcockpit\"><\/a><br \/>\n<img loading=\"lazy\" decoding=\"async\" class=\"alignnone size-full wp-image-6582\" src=\"https:\/\/simon-pe.de\/main\/wp-content\/uploads\/2021\/08\/Spacer_transparent.png\" alt=\"\" width=\"5\" height=\"5\" \/>[\/vc_column_text][vc_column_text]<\/p>\n<h2><span style=\"color: #ef7900; line-height: 200%;\"><img loading=\"lazy\" decoding=\"async\" class=\"alignnone size-medium wp-image-7411\" src=\"https:\/\/simon-pe.de\/main\/wp-content\/uploads\/2025\/01\/heatCOCKPIT-300x81.jpg\" alt=\"\" width=\"300\" height=\"81\" srcset=\"https:\/\/simon-pe.de\/main\/wp-content\/uploads\/2025\/01\/heatCOCKPIT-300x81.jpg 300w, https:\/\/simon-pe.de\/main\/wp-content\/uploads\/2025\/01\/heatCOCKPIT.jpg 679w\" sizes=\"auto, (max-width: 300px) 100vw, 300px\" \/><\/span><\/h2>\n<h2><span style=\"color: #ef7900; line-height: 200%;\">heatCOCKPIT<sup>\u00ae<\/sup> &#8211; SOFTWARE F\u00dcR DIE KAPPUNG VON LASTSPITZEN IN W\u00c4RMENETZEN UND ALS EINSTIEG IN WEITERE GESCH\u00c4FTSMODELLE IM BEREICH DER INTELLIGENTEN W\u00c4RMEVERSORGUNG<\/span><\/h2>\n<p><span style=\"color: #ffffff;\">Das \u00fcbliche Nutzerverhalten bei vielen W\u00e4rmeverbrauchern f\u00fchrt zu einer morgendlichen Bedarfsspitze in der Fernw\u00e4rmeversorgung. Schuld daran sind die fast zeitgleichen \u00c4nderungen der Regelung der Nachtabsenkung und der erh\u00f6hte morgendlichen Warmwasserbedarf.<\/span><\/p>\n<p><span style=\"color: #ffffff;\">Die Abbildung \u201eLeistungsspitze durch Nachtabsenkung\u201c zeigt den W\u00e4rmebedarf in einem B\u00fcrogeb\u00e4ude. Deutlich zu erkennen ist die Leistungsspitze, welche durch das Ende der Nachtabsenkung verursacht wird. Die Addition dieser Leistungsspitzen \u00fcber viele Verbraucher mit zeitgleichem Verhalten f\u00fchrt zu einer Leistungsspitze im Fernw\u00e4rmenetz.<\/span><\/p>\n<p><img loading=\"lazy\" decoding=\"async\" class=\"size-medium wp-image-7333 aligncenter\" src=\"https:\/\/simon-pe.de\/main\/wp-content\/uploads\/2021\/11\/heatCOCKPIT-Diagramm-300x168.png\" alt=\"\" width=\"300\" height=\"168\" srcset=\"https:\/\/simon-pe.de\/main\/wp-content\/uploads\/2021\/11\/heatCOCKPIT-Diagramm-300x168.png 300w, https:\/\/simon-pe.de\/main\/wp-content\/uploads\/2021\/11\/heatCOCKPIT-Diagramm-160x90.png 160w, https:\/\/simon-pe.de\/main\/wp-content\/uploads\/2021\/11\/heatCOCKPIT-Diagramm.png 310w\" sizes=\"auto, (max-width: 300px) 100vw, 300px\" \/><\/p>\n<p><span style=\"color: #ffffff;\">Die Summe der Leistungsspitzen verursacht an besonders kalten Tagen Bedarfe, die eventuell nur \u00fcber Spitzenlastheizwerke abgedeckt werden k\u00f6nnen.<\/span><\/p>\n<p><span style=\"color: #ffffff;\">Im Bereich der elektrischen Versorgung ist das Lastverschieben (Peak Shaving) eine bekannte Technik, um solche Lastspitzen zu kappen und um Einsparungen im Bereich der Netzentgelte zu erreichen. Bei der W\u00e4rmeversorgung ist eine Kappung nicht an allen Fernw\u00e4rmestationen notwendig. Nur an ausgew\u00e4hlten Stationen, die eine entsprechende Leistung haben, sollte eine zeitliche Verschiebung des Bedarfs vorgenommen werden. Dies reduziert den Aufwand deutlich. Auch ist die Anzahl der Stunden, in denen eine Lastverschiebung notwendig ist, sehr begrenzt.<\/span><\/p>\n<p><span style=\"color: #ffffff;\">In heatCOCKPIT wird die Kommunikation \u00fcber LoRaWAN als sehr kosteng\u00fcnstiger Kommunikationsweg erreicht. So werden Fernw\u00e4rmez\u00e4hler kontinuierlich ausgelesen und Ansteuerungen vorgenommen, um Spitzenlasten zu vermeiden. Basis ist eine W\u00e4rmebedarfsprognose f\u00fcr morgen im Stundentakt, welche dann in der Erstellung eines Fahrplanes zur Vermeidung von Lastspitzen ohne Komforteinbu\u00dfen endet.<\/span><\/p>\n<p><span style=\"color: #ef7900;\">Wenn Sie an dem Thema Interesse haben, melden Sie sich bitte.<\/span><\/p>\n<p style=\"text-align: center;\"><img loading=\"lazy\" decoding=\"async\" class=\"alignnone size-medium wp-image-7403\" src=\"https:\/\/simon-pe.de\/main\/wp-content\/uploads\/2025\/01\/BMWK_Fz_2017_Office_Farbe_de-291x300.png\" alt=\"heatCOCKPIT\" width=\"291\" height=\"300\" srcset=\"https:\/\/simon-pe.de\/main\/wp-content\/uploads\/2025\/01\/BMWK_Fz_2017_Office_Farbe_de-291x300.png 291w, https:\/\/simon-pe.de\/main\/wp-content\/uploads\/2025\/01\/BMWK_Fz_2017_Office_Farbe_de-995x1024.png 995w, https:\/\/simon-pe.de\/main\/wp-content\/uploads\/2025\/01\/BMWK_Fz_2017_Office_Farbe_de-768x791.png 768w, https:\/\/simon-pe.de\/main\/wp-content\/uploads\/2025\/01\/BMWK_Fz_2017_Office_Farbe_de.png 1360w\" sizes=\"auto, (max-width: 291px) 100vw, 291px\" \/><\/p>\n<p>[\/vc_column_text][vc_column_text css=&#8221;.vc_custom_1737983968011{padding-top: 15px !important;}&#8221;]<a name=\"softwareentwicklung\"><\/a><br \/>\n<img loading=\"lazy\" decoding=\"async\" class=\"alignnone size-full wp-image-6582\" src=\"https:\/\/simon-pe.de\/main\/wp-content\/uploads\/2021\/08\/Spacer_transparent.png\" alt=\"\" width=\"5\" height=\"5\" \/>[\/vc_column_text][vc_column_text]<\/p>\n<h2><span style=\"color: #ef7900; line-height: 200%;\">INDIVIDUELLE SOFTWAREENTWICKLUNG<\/span><\/h2>\n<p><span style=\"color: #ffffff;\">Unser Team weist langj\u00e4hrige Erfahrung in der Konzeption von Softwaresystemen auf. Dies umspannt die Entwicklung der passenden Datenbankmodelle, die performanten Umsetzung der Hintergrundprozesse bis zum Layout der Anwendungen. Das direkte Feedback der Kunden, wie auch die Nutzung der eigenen Produkte im Rahmen von Forschungsprojekten, erwirkt eine kontinuierliche Verbesserung der L\u00f6sungen, wie auch eine Weiterentwicklung in den teaminternen F\u00e4higkeiten.<\/span><\/p>\n<p><span style=\"color: #ffffff;\">Projektabh\u00e4ngig wird oftmals unter Einbeziehung der Kunden und Partner direkt in agiler Form auf eine optimale L\u00f6sung hingearbeitet. Dies beinhaltete in vergangenen Projekten auch den Einsatz entsprechender Werkzeuge, die bei der Umsetzung gem\u00e4\u00df Scrum standardm\u00e4\u00dfig zum Einsatz kommen. Der enge und direkte Austausch innerhalb des Teams ist dabei ein Grundpfeiler der Entwicklung von optimalen und nachhaltigen L\u00f6sungen f\u00fcr die Kunden.<\/span><\/p>\n<p><span style=\"color: #ffffff;\">1998 startete die Softwareentwicklung auf Basis von C++. Diese Produkte befinden sich seit jeher im Einsatz und unterliegen auch heute noch entsprechenden Pflege- und Erweiterungszyklen. Seitdem kamen aufgrund der allgemeinen technischen Entwicklung andere L\u00f6sungsm\u00f6glichkeiten hinzu, die zu dem jeweiligen Zeitpunkt mehr Vorteile boten, als der damals aktuelle Entwicklungsstandard. So wurden Projekte mittels des Einsatzes von C# und Java, hier in Form von Web-Applikationen umgesetzt. Seit 2016 wird darauf aufbauend verst\u00e4rkt dem Umstand Rechnung getragen, dass die Anwendungen vermehrt im Browser lauff\u00e4hig umgesetzt werden. Aus diesem Grund wurde die sinnvolle Trennung von Backend und Frontend strikt vollzogen und die Umsetzung von Backends mittels node.js etabliert. Hierbei kommt als Programmiersprache TypeScript zum Einsatz, um auch bei gro\u00dfen Projekten die notwendige Codequalit\u00e4t aufrecht erhalten zu k\u00f6nnen. Im Frontendbereich bzgl. der Web-Anwendungen wird Angular und Vue.js eingesetzt. Aus diesem Grund ist es m\u00f6glich, alle Ebenen der Produkte erstmals mittels einer Programmiersprache umsetzen zu k\u00f6nnen. Durch den Einsatz von Cordova kann auch der Schritt hin zur App-Erstellung vollzogen werden.<\/span><\/p>\n<p><span style=\"color: #ffffff;\">Ein wichtiger Aspekt unserer t\u00e4glichen Arbeit ist die Schnittstellenentwicklung, die sich haupts\u00e4chlich auf die Umsetzung von Protokollen bezieht, welche Industriestandards darstellen. Neben M-Bus, ModBus, OPC und IEC 60870\u20135 104 und weiteren, wurden auch Schnittstellenprozesse zu propriet\u00e4ren Datenquellen geschaffen, die bspw. mittels SOAP- oder REST-basierten Webservices zug\u00e4nglich sind.<\/span><\/p>\n<p><span style=\"color: #ffffff;\">Da wir zus\u00e4tzlich zu Entwicklungst\u00e4tigkeiten im Bereich Wartung und Pflege agieren, sind uns die t\u00e4glichen Fallstricke eines performanten Betriebs von Softwaresystemen und die Koordinierung von Pfleget\u00e4tigkeiten an system- und gesch\u00e4ftsmodellrelevanten Softwaresystemen keine Unbekannten.<\/span>[\/vc_column_text][\/vc_column][\/vc_row]<\/p>\n","protected":false},"excerpt":{"rendered":"<p>[vc_row full_width=&#8221;stretch_row&#8221; css=&#8221;.vc_custom_1627478538652{padding-top: 50px !important;}&#8221;][vc_column][vc_row_inner css=&#8221;.vc_custom_1629104178690{margin-bottom: -100px !important;}&#8221;][vc_column_inner][vc_custom_heading text=&#8221;UMSETZUNG DER REGENERATIVEN EIGENSTROMVERSORGUNG IM VERBUND MITTELS DIGITALISIERUNG&#8221; font_container=&#8221;tag:h1|font_size:34px|text_align:left|color:%23ef7900|line_height:30px&#8221; google_fonts=&#8221;font_family:Montserrat%3Aregular%2C700|font_style:400%20regular%3A400%3Anormal&#8221; css=&#8221;.vc_custom_1737975486970{padding-bottom: 20px !important;}&#8221;][vc_column_text css=&#8221;.vc_custom_1629374872180{padding-bottom: 30px !important;}&#8221;]Die Digitalisierung ist ein wesentlicher Baustein der Gesch\u00e4ftsmodelloptimierung. Wir sind seit mehreren Jahrzehnten als Softwareentwickler im Bereich der Energieversorgung t\u00e4tig. Angefangen vom Energieinformationssystem, zur Lastspitzenkappung, zu den M\u00f6glichkeiten eines virtuellen Kraftwerks, zur [&hellip;]<\/p>\n","protected":false},"author":1,"featured_media":0,"parent":0,"menu_order":2,"comment_status":"closed","ping_status":"closed","template":"","meta":{"footnotes":""},"class_list":["post-7414","page","type-page","status-publish","hentry"],"_links":{"self":[{"href":"https:\/\/simon-pe.de\/main\/wp-json\/wp\/v2\/pages\/7414","targetHints":{"allow":["GET"]}}],"collection":[{"href":"https:\/\/simon-pe.de\/main\/wp-json\/wp\/v2\/pages"}],"about":[{"href":"https:\/\/simon-pe.de\/main\/wp-json\/wp\/v2\/types\/page"}],"author":[{"embeddable":true,"href":"https:\/\/simon-pe.de\/main\/wp-json\/wp\/v2\/users\/1"}],"replies":[{"embeddable":true,"href":"https:\/\/simon-pe.de\/main\/wp-json\/wp\/v2\/comments?post=7414"}],"version-history":[{"count":25,"href":"https:\/\/simon-pe.de\/main\/wp-json\/wp\/v2\/pages\/7414\/revisions"}],"predecessor-version":[{"id":7475,"href":"https:\/\/simon-pe.de\/main\/wp-json\/wp\/v2\/pages\/7414\/revisions\/7475"}],"wp:attachment":[{"href":"https:\/\/simon-pe.de\/main\/wp-json\/wp\/v2\/media?parent=7414"}],"curies":[{"name":"wp","href":"https:\/\/api.w.org\/{rel}","templated":true}]}}