{"id":7135,"date":"2021-10-22T15:48:34","date_gmt":"2021-10-22T13:48:34","guid":{"rendered":"https:\/\/studio-oberlaender.de\/sipe\/?page_id=7135"},"modified":"2021-11-09T16:54:25","modified_gmt":"2021-11-09T15:54:25","slug":"cookie-richtlinien","status":"publish","type":"page","link":"https:\/\/simon-pe.de\/main\/ueber-uns\/cookie-richtlinien\/","title":{"rendered":"Cookie Richtlinien"},"content":{"rendered":"<p>[vc_row full_width=&#8221;stretch_row&#8221; css=&#8221;.vc_custom_1467893284398{margin-top: 0px !important;margin-bottom: 0px !important;padding-top: 10px !important;padding-bottom: 80px !important;}&#8221;][vc_column][vc_row_inner css=&#8221;.vc_custom_1627394454698{margin-bottom: 0px !important;padding-top: 30px !important;padding-bottom: 30px !important;}&#8221;][vc_column_inner][vc_column_text css=&#8221;.vc_custom_1635335716350{padding-bottom: 30px !important;}&#8221;]<\/p>\r\n<h2><span style=\"color: #ef7900;\">COOKIE RICHTLINIEN<\/span><\/h2>\r\n<p><span style=\"color: #ffffff;\">In dieser Cookie-Richtlinie wird erl\u00e4utert, was Cookies sind und wie wir sie verwenden, welche Arten von Cookies wir verwenden, welche Informationen wir mit Hilfe von Cookies sammeln und wie diese Informationen verwendet werden, und wie Sie die Cookie-Einstellungen steuern k\u00f6nnen. Weitere Informationen dar\u00fcber, wie wir Ihre pers\u00f6nlichen Daten verwenden, speichern und sicher aufbewahren, finden Sie in unserer <a href=\"https:\/\/simon-pe.de\/main\/ueber-uns\/datenschutzerklaerung\/\" target=\"_blank\" rel=\"noopener\"><span style=\"color: #ef7900;\">Datenschutzerkl\u00e4rung<\/span><\/a>.<\/span><\/p>\r\n<p><span style=\"color: #ffffff;\">Sie k\u00f6nnen Ihre Einwilligung in der Cookie-Erkl\u00e4rung auf unserer Website jederzeit \u00e4ndern oder widerrufen.<\/span><br \/><span style=\"color: #ffffff;\">Weitere Informationen dar\u00fcber, wer wir sind, wie Sie uns kontaktieren k\u00f6nnen und wie wir personenbezogene Daten verarbeiten, finden Sie ebenfalls in unserer Datenschutzerkl\u00e4rung.<\/span><br \/><span style=\"color: #ffffff;\">Ihre Einwilligung gilt f\u00fcr die folgenden Domains: <a style=\"color: #ffffff;\" href=\"https:\/\/www.simon-pe.de\">simon-pe.de<\/a><\/span><br \/><span style=\"color: #ffffff;\">Ihre Cookie-Einstellungen k\u00f6nnen Sie nachtr\u00e4glich \u00e4ndern unter: <span style=\"color: #ef7900;\"><a class=\"wt-cli-manage-consent-link\">Cookies verwalten<\/a><\/span><\/span><\/p>\r\n<p>&nbsp;<\/p>\r\n<h3><span style=\"color: #ef7900;\">Was sind Cookies?<\/span><\/h3>\r\n<p><span style=\"color: #ffffff;\">Cookies sind kleine Textdateien, die dazu dienen, kleine Informationen zu speichern. Sie werden auf Ihrem Ger\u00e4t gespeichert, wenn die Website in Ihrem Browser geladen wird. Diese Cookies helfen uns, die Website ordnungsgem\u00e4\u00df funktionieren zu lassen, sie sicherer zu machen, eine bessere Benutzererfahrung zu bieten und zu verstehen, wie die Website funktioniert und zu analysieren, was funktioniert und wo sie verbessert werden muss.<\/span><\/p>\r\n<p>&nbsp;<\/p>\r\n<h3><span style=\"color: #ef7900;\">Wie verwenden wir Cookies?<\/span><\/h3>\r\n<p><span style=\"color: #ffffff;\">Wie die meisten Online-Dienste verwendet auch unsere Website Erstanbieter- und Drittanbieter-Cookies f\u00fcr verschiedene Zwecke. Cookies von Erstanbietern sind in den meisten F\u00e4llen notwendig, damit die Website richtig funktioniert, und sie erfassen keine personenbezogenen Daten.<\/span><\/p>\r\n<p><span style=\"color: #ffffff;\">Die Cookies von Drittanbietern, die auf unserer Website verwendet werden, dienen haupts\u00e4chlich dazu, zu verstehen, wie die Website funktioniert, wie Sie mit unserer Website interagieren, unsere Dienste sicher zu halten, Ihnen insgesamt eine bessere und verbesserte Benutzererfahrung zu bieten und Ihre zuk\u00fcnftigen Interaktionen mit unserer Website zu beschleunigen.<\/span><\/p>\r\n<p>&nbsp;<\/p>\r\n<h3><span style=\"color: #ef7900;\">Welche Arten von Cookies verwenden wir?<\/span><\/h3>\r\n<p><span style=\"color: #ffffff;\"><span style=\"color: #ef7900;\"><strong>Unverzichtbar:<\/strong><\/span> Einige Cookies sind unerl\u00e4sslich, damit Sie die volle Funktionalit\u00e4t unserer Website nutzen k\u00f6nnen. Sie erm\u00f6glichen es uns, Benutzersitzungen aufrechtzuerhalten und Sicherheitsbedrohungen zu verhindern. Sie sammeln und speichern keine pers\u00f6nlichen Informationen.<br \/><\/span><\/p>\r\n<p><span style=\"color: #ffffff;\"><span style=\"color: #ef7900;\"><strong>Statistik:<\/strong><\/span> Diese Cookies speichern Informationen, wie die Anzahl der Besucher der Website, die Anzahl der einzelnen Besucher, welche Seiten der Website besucht wurden, die Quelle des Besuchs usw. Diese Daten helfen uns zu verstehen und zu analysieren, wie gut die Website funktioniert und wo sie verbessert werden muss.<\/span><\/p>\r\n<p><span style=\"color: #ffffff;\"><span style=\"color: #ef7900;\"><strong>Vermarktung:<\/strong><\/span> <span style=\"font-style: italic;\">Auf unserer Website wird keine Werbung angezeigt.<\/span> Diese Cookies werden in der Regel verwendet, um die Werbung, so zu personalisieren, dass sie f\u00fcr Sie sinnvoll ist. Diese Cookies helfen auch, die Effizienz einer Werbekampagne zu verfolgen.<\/span><\/p>\r\n<p><span style=\"color: #ffffff;\"><span style=\"color: #ef7900;\"><strong>Funktional:<\/strong><\/span> Dies sind Cookies, die bestimmte nicht-essentielle Funktionen auf unserer Website unterst\u00fctzen.<\/span><\/p>\r\n<p><span style=\"color: #ffffff;\"><span style=\"color: #ef7900;\"><strong>Pr\u00e4ferenzen:<\/strong><\/span> Diese Cookies helfen uns, Ihre Einstellungen und Browsing-Pr\u00e4ferenzen, wie z.B. Sprachpr\u00e4ferenzen, zu speichern, damit Sie bei zuk\u00fcnftigen Besuchen der Website ein besseres und effizienteres Erlebnis haben.<\/span><\/p>\r\n<p><span style=\"color: #ffffff;\"><p>In der folgenden Liste sind die auf unserer Website verwendeten Cookies aufgef\u00fchrt.<\/p><table class=\"cookielawinfo-row-cat-table cookielawinfo-classic\"><thead><tr><th class=\"cookielawinfo-column-1\">Cookie<\/th><th class=\"cookielawinfo-column-4\">Beschreibung<\/th><\/tr><\/thead><tbody><tr class=\"cookielawinfo-row\"><td class=\"cookielawinfo-column-1\">cookie_policy<\/td><td class=\"cookielawinfo-column-4\">Dieses Cookie speichert, ob der Nutzer der Verwendung von Cookies zugestimmt hat oder nicht. Es speichert keine pers\u00f6nlichen Daten.<\/td><\/tr><tr class=\"cookielawinfo-row\"><td class=\"cookielawinfo-column-1\">CookieRechtinfo-Kontrollk-Analyse<\/td><td class=\"cookielawinfo-column-4\">Das Cookie wird verwendet, um die Zustimmung des Nutzers f\u00fcr die Cookies in der Kategorie \"Analytics\" zu speichern.<\/td><\/tr><tr class=\"cookielawinfo-row\"><td class=\"cookielawinfo-column-1\">CookieRechtinfo-Kontrollk-erforderlich<\/td><td class=\"cookielawinfo-column-4\">Das Cookie wird verwendet, um die Zustimmung des Nutzers f\u00fcr die Cookies der Kategorie \"Notwendig\" zu speichern.<\/td><\/tr><tr class=\"cookielawinfo-row\"><td class=\"cookielawinfo-column-1\">CookieRechtinfo-Kontrollk-funktional<\/td><td class=\"cookielawinfo-column-4\">Das Cookie wird gesetzt, um die Zustimmung des Nutzers f\u00fcr die Cookies in der Kategorie \"Funktional\" zu erfassen.<\/td><\/tr><tr class=\"cookielawinfo-row\"><td class=\"cookielawinfo-column-1\">CookieRechtinfo-Kontrollk-performance<\/td><td class=\"cookielawinfo-column-4\">Das Cookie wird verwendet, um die Zustimmung des Nutzers f\u00fcr die Cookies in der Kategorie \"Leistung\" zu speichern.<\/td><\/tr><tr class=\"cookielawinfo-row\"><td class=\"cookielawinfo-column-1\">CookieRechtinfo-Kontrollk-Sonstiges<\/td><td class=\"cookielawinfo-column-4\">Das Cookie wird verwendet, um die Zustimmung des Nutzers f\u00fcr die Cookies in der Kategorie \"Andere\" zu speichern.<\/td><\/tr><\/tbody><\/table><\/span><\/p>\r\n<p>&nbsp;<\/p>\r\n<h3><span style=\"color: #ef7900;\">Wie kann ich die Cookie-Einstellungen kontrollieren?<\/span><\/h3>\r\n<p><span style=\"color: #ffffff;\">Sollten Sie sich entscheiden, Ihre Pr\u00e4ferenzen zu einem sp\u00e4teren Zeitpunkt zu \u00e4ndern, k\u00f6nnen Sie auf die Registerkarte &#8220;Datenschutz und Cookie-Richtlinie&#8221; auf Ihrem Bildschirm klicken. Dadurch wird der Hinweis auf die Einwilligung erneut angezeigt, so dass Sie Ihre Einstellungen \u00e4ndern oder Ihre Einwilligung vollst\u00e4ndig widerrufen k\u00f6nnen.<\/span><\/p>\r\n<p><span style=\"color: #ffffff;\">Ihre Cookie-Einstellungen k\u00f6nnen Sie nachtr\u00e4glich \u00e4ndern unter: <span style=\"color: #ef7900;\"><a class=\"wt-cli-manage-consent-link\">Cookies verwalten<\/a><\/span><\/span><\/p>\r\n<p><span style=\"color: #ffffff;\">Dar\u00fcber hinaus bieten verschiedene Browser unterschiedliche Methoden zum Blockieren und L\u00f6schen von Cookies, die von Websites verwendet werden. Sie k\u00f6nnen die Einstellungen Ihres Browsers \u00e4ndern, um die Cookies zu blockieren\/l\u00f6schen. Weitere Informationen \u00fcber die Verwaltung und L\u00f6schung von Cookies finden Sie unter <a style=\"color: #ffffff;\" href=\"http:\/\/wikipedia.org\">wikipedia.org<\/a>.<\/span><\/p>\r\n\r\n<p>[\/vc_column_text][\/vc_column_inner][\/vc_row_inner][\/vc_column][\/vc_row]<\/p>","protected":false},"excerpt":{"rendered":"<p>[vc_row full_width=&#8221;stretch_row&#8221; css=&#8221;.vc_custom_1467893284398{margin-top: 0px !important;margin-bottom: 0px !important;padding-top: 10px !important;padding-bottom: 80px !important;}&#8221;][vc_column][vc_row_inner css=&#8221;.vc_custom_1627394454698{margin-bottom: 0px !important;padding-top: 30px !important;padding-bottom: 30px !important;}&#8221;][vc_column_inner][vc_column_text css=&#8221;.vc_custom_1635335716350{padding-bottom: 30px !important;}&#8221;] COOKIE RICHTLINIEN In dieser Cookie-Richtlinie wird erl\u00e4utert, was Cookies sind und wie wir sie verwenden, welche Arten von Cookies wir verwenden, welche Informationen wir mit Hilfe von Cookies sammeln und wie diese Informationen verwendet [&hellip;]<\/p>\n","protected":false},"author":1,"featured_media":0,"parent":6510,"menu_order":6,"comment_status":"closed","ping_status":"closed","template":"","meta":{"footnotes":""},"class_list":["post-7135","page","type-page","status-publish","hentry"],"_links":{"self":[{"href":"https:\/\/simon-pe.de\/main\/wp-json\/wp\/v2\/pages\/7135","targetHints":{"allow":["GET"]}}],"collection":[{"href":"https:\/\/simon-pe.de\/main\/wp-json\/wp\/v2\/pages"}],"about":[{"href":"https:\/\/simon-pe.de\/main\/wp-json\/wp\/v2\/types\/page"}],"author":[{"embeddable":true,"href":"https:\/\/simon-pe.de\/main\/wp-json\/wp\/v2\/users\/1"}],"replies":[{"embeddable":true,"href":"https:\/\/simon-pe.de\/main\/wp-json\/wp\/v2\/comments?post=7135"}],"version-history":[{"count":11,"href":"https:\/\/simon-pe.de\/main\/wp-json\/wp\/v2\/pages\/7135\/revisions"}],"predecessor-version":[{"id":7285,"href":"https:\/\/simon-pe.de\/main\/wp-json\/wp\/v2\/pages\/7135\/revisions\/7285"}],"up":[{"embeddable":true,"href":"https:\/\/simon-pe.de\/main\/wp-json\/wp\/v2\/pages\/6510"}],"wp:attachment":[{"href":"https:\/\/simon-pe.de\/main\/wp-json\/wp\/v2\/media?parent=7135"}],"curies":[{"name":"wp","href":"https:\/\/api.w.org\/{rel}","templated":true}]}}