{"id":6886,"date":"2021-08-23T11:49:04","date_gmt":"2021-08-23T09:49:04","guid":{"rendered":"https:\/\/studio-oberlaender.de\/sipe\/?page_id=6886"},"modified":"2021-11-09T16:54:24","modified_gmt":"2021-11-09T15:54:24","slug":"spotmaerkten-2","status":"publish","type":"page","link":"https:\/\/simon-pe.de\/main\/geschaeftsmodelloptimierung\/spotmaerkten-2\/","title":{"rendered":"Spotm\u00e4rkten"},"content":{"rendered":"<p>[vc_row full_width=&#8221;stretch_row&#8221;][vc_column][vc_row_inner css=&#8221;.vc_custom_1629558839386{margin-bottom: -100px !important;}&#8221;][vc_column_inner css=&#8221;.vc_custom_1635850919585{margin-bottom: 70px !important;background-color: #ededed !important;}&#8221;][vc_custom_heading text=&#8221;SPOTM\u00c4RKTE&#8221; font_container=&#8221;tag:h1|font_size:30px|text_align:left|color:%23ef7900|line_height:30px&#8221; google_fonts=&#8221;font_family:Montserrat%3Aregular%2C700|font_style:400%20regular%3A400%3Anormal&#8221; css=&#8221;.vc_custom_1629559462222{padding-left: 50px !important;}&#8221;][vc_column_text css=&#8221;.vc_custom_1635844647802{padding-right: 50px !important;padding-bottom: 50px !important;padding-left: 50px !important;}&#8221;]<span style=\"color: #808080;\">Die Spotm\u00e4rkte der Stromb\u00f6rse sind aufgeteilt in einen Markt f\u00fcr morgen (Day Ahead) und einen kontinuierlichen Markt am aktuellen Tag (Intraday). Hier existieren heute schon sehr interessante Preissignale, die in Zukunft mit dem Ausbau der erneuerbaren, wetterabh\u00e4ngigen Stromquellen stark zunehmen werden. Diese Preissignale k\u00f6nnen zur Wertsch\u00f6pfung von flexiblen Anlagen genutzt werden.<\/span><\/p>\n<p><span style=\"color: #808080;\"><strong>Bitte sprechen Sie uns an.<\/strong><\/span><\/p>\n<p style=\"text-align: left;\"><span style=\"color: #000000;\"><a href=\"https:\/\/simon-pe.de\/main\/geschaeftsmodelloptimierung\/#flexcockpit\"><span style=\"color: #ef7900;\">\u2190 zur\u00fcck<\/span><\/a><br \/>\n<\/span><\/p>\n<p>[\/vc_column_text][\/vc_column_inner][\/vc_row_inner][\/vc_column][\/vc_row]<\/p>\n","protected":false},"excerpt":{"rendered":"<p>[vc_row full_width=&#8221;stretch_row&#8221;][vc_column][vc_row_inner css=&#8221;.vc_custom_1629558839386{margin-bottom: -100px !important;}&#8221;][vc_column_inner css=&#8221;.vc_custom_1635850919585{margin-bottom: 70px !important;background-color: #ededed !important;}&#8221;][vc_custom_heading text=&#8221;SPOTM\u00c4RKTE&#8221; font_container=&#8221;tag:h1|font_size:30px|text_align:left|color:%23ef7900|line_height:30px&#8221; google_fonts=&#8221;font_family:Montserrat%3Aregular%2C700|font_style:400%20regular%3A400%3Anormal&#8221; css=&#8221;.vc_custom_1629559462222{padding-left: 50px !important;}&#8221;][vc_column_text css=&#8221;.vc_custom_1635844647802{padding-right: 50px !important;padding-bottom: 50px !important;padding-left: 50px !important;}&#8221;]Die Spotm\u00e4rkte der Stromb\u00f6rse sind aufgeteilt in einen Markt f\u00fcr morgen (Day Ahead) und einen kontinuierlichen Markt am aktuellen Tag (Intraday). Hier existieren heute schon sehr interessante Preissignale, die in Zukunft mit dem [&hellip;]<\/p>\n","protected":false},"author":1,"featured_media":0,"parent":6626,"menu_order":1,"comment_status":"closed","ping_status":"closed","template":"","meta":{"footnotes":""},"class_list":["post-6886","page","type-page","status-publish","hentry"],"_links":{"self":[{"href":"https:\/\/simon-pe.de\/main\/wp-json\/wp\/v2\/pages\/6886","targetHints":{"allow":["GET"]}}],"collection":[{"href":"https:\/\/simon-pe.de\/main\/wp-json\/wp\/v2\/pages"}],"about":[{"href":"https:\/\/simon-pe.de\/main\/wp-json\/wp\/v2\/types\/page"}],"author":[{"embeddable":true,"href":"https:\/\/simon-pe.de\/main\/wp-json\/wp\/v2\/users\/1"}],"replies":[{"embeddable":true,"href":"https:\/\/simon-pe.de\/main\/wp-json\/wp\/v2\/comments?post=6886"}],"version-history":[{"count":12,"href":"https:\/\/simon-pe.de\/main\/wp-json\/wp\/v2\/pages\/6886\/revisions"}],"predecessor-version":[{"id":7279,"href":"https:\/\/simon-pe.de\/main\/wp-json\/wp\/v2\/pages\/6886\/revisions\/7279"}],"up":[{"embeddable":true,"href":"https:\/\/simon-pe.de\/main\/wp-json\/wp\/v2\/pages\/6626"}],"wp:attachment":[{"href":"https:\/\/simon-pe.de\/main\/wp-json\/wp\/v2\/media?parent=6886"}],"curies":[{"name":"wp","href":"https:\/\/api.w.org\/{rel}","templated":true}]}}