{"id":6733,"date":"2021-08-21T11:08:16","date_gmt":"2021-08-21T09:08:16","guid":{"rendered":"https:\/\/studio-oberlaender.de\/sipe\/?page_id=6733"},"modified":"2025-01-27T12:00:08","modified_gmt":"2025-01-27T11:00:08","slug":"begleitung-beim-betriebsmanagement","status":"publish","type":"page","link":"https:\/\/simon-pe.de\/main\/begleitung-beim-betriebsmanagement\/","title":{"rendered":"Begleitung beim Betriebsmanagement"},"content":{"rendered":"<p>[vc_row full_width=&#8221;stretch_row&#8221; css=&#8221;.vc_custom_1627478538652{padding-top: 50px !important;}&#8221;][vc_column][vc_row_inner css=&#8221;.vc_custom_1629104178690{margin-bottom: -100px !important;}&#8221;][vc_column_inner][vc_custom_heading text=&#8221;BEGLEITUNG BEIM BETRIEBSMANAGEMENT&#8221; font_container=&#8221;tag:h1|font_size:34px|text_align:left|color:%23ef7900|line_height:30px&#8221; google_fonts=&#8221;font_family:Montserrat%3Aregular%2C700|font_style:400%20regular%3A400%3Anormal&#8221; css=&#8221;.vc_custom_1629537053086{padding-bottom: 20px !important;}&#8221;][\/vc_column_inner][\/vc_row_inner][vc_column_text css=&#8221;.vc_custom_1635322214913{padding-top: 150px !important;}&#8221;]<a name=\"betrieb\"><\/a>[\/vc_column_text][vc_column_text]<\/p>\n<h2><span style=\"color: #ef7900; line-height: 150%;\">BETRIEBSHANDB\u00dcCHER, BETRIEBSANWEISUNGEN,<br \/>\nGEFAHREN- UND ABWEHRPL\u00c4NE<br \/>\n<\/span><\/h2>\n<p><span style=\"color: #ffffff;\">F\u00fcr den energiebewussten Betrieb einer bzw. mehrerer Anlagen ist der Aufbau eines Monitoring-Systems unabdingbar, da hierdurch die Energiefl\u00fcsse \u00fcberhaupt erst sichtbar gemacht werden. Im ersten Schritt wird hierzu ein Z\u00e4hlerkonzept f\u00fcr alle eingesetzten Energiearten (Strom, Wasser, Dampf, K\u00e4lte, Druckluft etc.) erstellt. Die durchgef\u00fchrten Arbeiten umfassen eine individuelle Bestandsaufnahme, eine Gliederung des Betriebs in einzelne zu erfassende Systembereiche und die Lokalisierung und Festlegung der notwendigen Messtechnik. Selbstverst\u00e4ndlich werden alle Arbeiten sorgf\u00e4ltig dokumentiert und sind jederzeit von Ihnen einsehbar. Neben der Erstellung von Z\u00e4hlerkonzepten betreuen wir auch gerne die Umsetzung des Konzepts bzgl. Auswahl, Installation und Anbindung neuer Peripherie, so dass am Ende ein individuell optimiertes Monitoring der Energiefl\u00fcsse entsteht.<\/span><\/p>\n<p><span style=\"color: #ffffff;\">Ein weiterer Bestandteil des Betriebsmanagements bildet der Betriebsservice. Rechtliche Vorgaben fordern die Vorhaltung unterschiedlicher Dokumente, wie z.B. Gef\u00e4hrdungsbeurteilungen, Betriebsanweisungen oder \u00e4hnliche, welche von uns erstellt, angepasst und im Folgenden gepflegt werden. Zu den Ingenieurdienstleistungen, welche von der Simon Process Engineering GmbH durchgef\u00fchrt werden, z\u00e4hlen unter anderem:<\/span><\/p>\n<ul>\n<li style=\"color: #ef7900;\"><span style=\"color: #ffffff;\">Durchf\u00fchrung von Gef\u00e4hrdungsbeurteilungen im Rahmen der BetrSichV<\/span><\/li>\n<li style=\"color: #ef7900;\"><span style=\"color: #ffffff;\">Erstellung und Pflege von Betriebsanweisungen gem\u00e4\u00df DGUV Vorschrift 1, ArbSchG, BetrSichV, BioStoffV sowie GefStoffV<\/span><\/li>\n<li style=\"color: #ef7900;\"><span style=\"color: #ffffff;\">Erstellung und Pflege von Alarm- und Gefahrenabwehrpl\u00e4nen gem\u00e4\u00df der 12. BImSchV<\/span><\/li>\n<li style=\"color: #ef7900;\"><span style=\"color: #ffffff;\">Erstellung eines Gefahrstoffkatasters gem\u00e4\u00df GefStoffV<\/span><\/li>\n<\/ul>\n<p><span style=\"color: #ffffff;\">Neben Z\u00e4hlerkonzepten und Betriebsservice runden die Erstellung und Pflege von Betriebshandb\u00fcchern das Bild des Betriebsmanagements ab. Diese Betriebshandb\u00fccher dienen der anlagenspezifischen Beschreibung und Dokumentation abseits allgemeiner Beschreibungen und der vorhandenen Herstellerinformationen. Hierdurch wird die Schulung des Anlagenpersonal in optimaler Weise erg\u00e4nzt. Zudem eignen sich die Betriebshandb\u00fccher ausgezeichnet, um neues Betriebspersonal mit der jeweiligen Anlage vertraut zu machen. Die Erstellung der Betriebshandb\u00fccher erfolgt in enger Absprache mit Ihnen, so dass Aufbau und Inhalt individuell an Ihre W\u00fcnsche angepasst werden k\u00f6nnen. \u00dcblicherweise umfassen die Betriebshandb\u00fccher Anlagenbeschreibungen inkl. der wichtigsten technische Daten, Informationen \u00fcber An- und Abfahrvorg\u00e4nge, Wartungs- und Instandhaltungsma\u00dfnahmen sowie Brandschutz- und Sicherheitskonzepte.<\/span>[\/vc_column_text][vc_column_text css=&#8221;.vc_custom_1637922380006{padding-top: 15px !important;}&#8221;]<a name=\"assetmanagement\"><\/a><br \/>\n<img loading=\"lazy\" decoding=\"async\" class=\"alignnone size-full wp-image-6582\" src=\"https:\/\/simon-pe.de\/main\/wp-content\/uploads\/2021\/08\/Spacer_transparent.png\" alt=\"\" width=\"5\" height=\"5\" \/>[\/vc_column_text][vc_column_text]<\/p>\n<h2><span style=\"color: #ef7900; line-height: 200%;\">ASSETMANAGEMENT IN DER INDUSTRIE<br \/>\n<\/span><\/h2>\n<p><span style=\"color: #ffffff;\">Um die Effizienz der Instandhaltung zu erh\u00f6hen sind auch digitale L\u00f6sungen gefragt. Wir unterst\u00fctzen Sie gerne bei Ihrem Ziel dauerhafte Anlagenverf\u00fcgbarkeit bei niedrigeren Instandhaltungskosten zu erreichen.<\/span><\/p>\n<p><span style=\"color: #ffffff;\">Sprechen Sie uns an.<\/span>[\/vc_column_text][vc_column_text css=&#8221;.vc_custom_1637922385141{padding-top: 15px !important;}&#8221;]<a name=\"seminare\"><\/a><br \/>\n<img loading=\"lazy\" decoding=\"async\" class=\"alignnone size-full wp-image-6582\" src=\"https:\/\/simon-pe.de\/main\/wp-content\/uploads\/2021\/08\/Spacer_transparent.png\" alt=\"\" width=\"5\" height=\"5\" \/>[\/vc_column_text][vc_column_text]<\/p>\n<h2><span style=\"color: #ef7900; line-height: 200%;\">WEITERBILDUNG VON MITARBEITERN \u2013 SEMINARE<br \/>\n<\/span><\/h2>\n<p><span style=\"color: #ffffff;\">Wir bieten inhouse-Seminare bei Ihnen zu verschiedenen Themen der Energiewirtschaft an. Beispiele sind<\/span><\/p>\n<ul>\n<li style=\"color: #ef7900;\"><span style=\"color: #ffffff;\">Gesch\u00e4ftsmodelle zum Einsatz energiewirtschaftlicher Speicher<\/span><\/li>\n<li style=\"color: #ef7900;\"><span style=\"color: #ffffff;\">Flexibilisierung als strategische Option im Rahmen der Energiewende<\/span><\/li>\n<li style=\"color: #ef7900;\"><span style=\"color: #ffffff;\">Neue Aspekte von der Eigenstromversorgung \u00fcber die Sektorenkopplung hin zur Digitalisierung<\/span><\/li>\n<\/ul>\n<p>[\/vc_column_text][vc_column_text css=&#8221;.vc_custom_1637922391245{padding-top: 15px !important;}&#8221;]<a name=\"e-learning\"><\/a><br \/>\n<img loading=\"lazy\" decoding=\"async\" class=\"alignnone size-full wp-image-6582\" src=\"https:\/\/simon-pe.de\/main\/wp-content\/uploads\/2021\/08\/Spacer_transparent.png\" alt=\"\" width=\"5\" height=\"5\" \/>[\/vc_column_text][vc_column_text]<\/p>\n<h2><span style=\"color: #ef7900; line-height: 200%;\">WEITERBILDUNG VON MITARBEITERN \u2013 E-LEARNING<br \/>\n<\/span><\/h2>\n<p><span style=\"color: #ffffff;\">\u201eAltis\u201c steht f\u00fcr \u201eAktives Lern-, Trainings- und Kommunikationsspiel\u201c. Schulungen und die Vermittlung von Hintergrundwissen und Verhaltensweisen sind eine wichtige S\u00e4ule in unserem Leistungsspektrum. Unsere Mitarbeiter weisen jahrelange Erfahrung auf diesem Gebiet vor.<\/span><\/p>\n<p><span style=\"color: #ffffff;\">Aus dieser Erfahrung heraus entstand die Schulungs- und Informationssoftware Altis. Mit Altis ist es m\u00f6glich, betriebsinterne Anleitungen und Schulungen an einem Einzelplatz-PC oder auch in einem Netzwerk zu hinterlegen und f\u00fcr Ihre Mitarbeiter abrufbar zu machen.<\/span><\/p>\n<p><span style=\"color: #ffffff;\">\u00dcber Altis ist der Schulungserfolg in Form von verschiedenen Wissens-Tests zu \u00fcberpr\u00fcfen, \u201eEye-Catcher\u201c und ansprechende Spiele vermitteln Wissen auf spielerische Art. Speziell f\u00fcr den Industrie- und Kraftwerksbereich sind unsere \u201evirtuellen Anlagen\u201c eine interessante Erg\u00e4nzung Ihres Altis-Schulungssystems. Virtuelle Anlagen stellen die physikalischen und thermodynamischen Eigenschaften einer Industrieanlage mit hohem Realit\u00e4tsgrad (ca. 2-3 % Abweichung) dar und erm\u00f6glichen so St\u00f6rf\u00e4lle wie in einer Art \u201eSimulator\u201c zu vermeiden und Problemsituationen fr\u00fchzeitig zu erkennen. Ebenso ist es m\u00f6glich, diese Ereignisse in der virtuellen Anlage nachzustellen und so f\u00fcr die Zukunft Problemsituationen zu vermeiden.<\/span><\/p>\n<p><span style=\"color: #ffffff;\">Altis bietet Ihnen auch die M\u00f6glichkeit, Ihren betriebsinternen Schulungsbedarf digital abzulegen und Ihre Mitarbeiter \u2013 ohne die Bindung eines schulenden Mitarbeiters \u2013 Sicherheitsunterweisungen, Schulungen und Weiterbildungen in Ruhe am Rechner durchf\u00fchren zu lassen. Den Erfolg dieser Unterweisungen k\u00f6nnen Sie beispielsweise durch einen kleinen Test abfragen, aber auch einfach Ihre Schulung mit einem Best\u00e4tigungshinweis abschlie\u00dfen. Alle durchgef\u00fchrten Tests, Lektionen und Unterweisungen k\u00f6nnen \u00fcber administrative Module abgefragt und ausgewertet werden. Auf Wunsch es hier m\u00f6glich kundenspezifische Anpassungen bei der Auswertung vorzunehmen.<\/span><\/p>\n<p><span style=\"color: #ffffff;\">Neben dem Einsatz zu Schulungs- und Informationszwecken k\u00f6nnen Sie in Altis auch eine Plattform f\u00fcr den betriebsinternen Datenaustausch und B\u00fcrokommunikation aufbauen. Mit bunten Buttons k\u00f6nnen Sie wichtige Informationen f\u00fcr alle Mitarbeiter schnell abrufbar und stets aktuell auf Ihren Abteilungslaufwerken ablegen und \u201everlinken\u201c. Die Pflege von Altis und dessen Inhalten erfolgt durch so genannte \u201eK\u00fcmmerer\u201c und erfordert nicht den Einsatz Ihrer eigenen IT-Abteilung. Dies erm\u00f6glicht schnelle und direkte Zugriffe und \u00c4nderungsm\u00f6glichkeiten.<\/span><\/p>\n<p><span style=\"color: #ffffff;\">Gerne f\u00fchren wir Altis vor und beraten Sie bedarfsspezifisch.<\/span>[\/vc_column_text][\/vc_column][\/vc_row]<\/p>\n","protected":false},"excerpt":{"rendered":"<p>[vc_row full_width=&#8221;stretch_row&#8221; css=&#8221;.vc_custom_1627478538652{padding-top: 50px !important;}&#8221;][vc_column][vc_row_inner css=&#8221;.vc_custom_1629104178690{margin-bottom: -100px !important;}&#8221;][vc_column_inner][vc_custom_heading text=&#8221;BEGLEITUNG BEIM BETRIEBSMANAGEMENT&#8221; font_container=&#8221;tag:h1|font_size:34px|text_align:left|color:%23ef7900|line_height:30px&#8221; google_fonts=&#8221;font_family:Montserrat%3Aregular%2C700|font_style:400%20regular%3A400%3Anormal&#8221; css=&#8221;.vc_custom_1629537053086{padding-bottom: 20px !important;}&#8221;][\/vc_column_inner][\/vc_row_inner][vc_column_text css=&#8221;.vc_custom_1635322214913{padding-top: 150px !important;}&#8221;][\/vc_column_text][vc_column_text] BETRIEBSHANDB\u00dcCHER, BETRIEBSANWEISUNGEN, GEFAHREN- UND ABWEHRPL\u00c4NE F\u00fcr den energiebewussten Betrieb einer bzw. mehrerer Anlagen ist der Aufbau eines Monitoring-Systems unabdingbar, da hierdurch die Energiefl\u00fcsse \u00fcberhaupt erst sichtbar gemacht werden. Im ersten Schritt wird hierzu ein Z\u00e4hlerkonzept f\u00fcr [&hellip;]<\/p>\n","protected":false},"author":1,"featured_media":0,"parent":0,"menu_order":3,"comment_status":"closed","ping_status":"closed","template":"","meta":{"footnotes":""},"class_list":["post-6733","page","type-page","status-publish","hentry"],"_links":{"self":[{"href":"https:\/\/simon-pe.de\/main\/wp-json\/wp\/v2\/pages\/6733","targetHints":{"allow":["GET"]}}],"collection":[{"href":"https:\/\/simon-pe.de\/main\/wp-json\/wp\/v2\/pages"}],"about":[{"href":"https:\/\/simon-pe.de\/main\/wp-json\/wp\/v2\/types\/page"}],"author":[{"embeddable":true,"href":"https:\/\/simon-pe.de\/main\/wp-json\/wp\/v2\/users\/1"}],"replies":[{"embeddable":true,"href":"https:\/\/simon-pe.de\/main\/wp-json\/wp\/v2\/comments?post=6733"}],"version-history":[{"count":27,"href":"https:\/\/simon-pe.de\/main\/wp-json\/wp\/v2\/pages\/6733\/revisions"}],"predecessor-version":[{"id":7439,"href":"https:\/\/simon-pe.de\/main\/wp-json\/wp\/v2\/pages\/6733\/revisions\/7439"}],"wp:attachment":[{"href":"https:\/\/simon-pe.de\/main\/wp-json\/wp\/v2\/media?parent=6733"}],"curies":[{"name":"wp","href":"https:\/\/api.w.org\/{rel}","templated":true}]}}