{"id":6541,"date":"2021-07-29T14:23:29","date_gmt":"2021-07-29T12:23:29","guid":{"rendered":"https:\/\/studio-oberlaender.de\/sipe\/?page_id=6541"},"modified":"2025-12-19T11:43:38","modified_gmt":"2025-12-19T10:43:38","slug":"impressum","status":"publish","type":"page","link":"https:\/\/simon-pe.de\/main\/ueber-uns\/impressum\/","title":{"rendered":"Impressum"},"content":{"rendered":"<p>[vc_row full_width=&#8221;stretch_row&#8221; css=&#8221;.vc_custom_1467893284398{margin-top: 0px !important;margin-bottom: 0px !important;padding-top: 10px !important;padding-bottom: 80px !important;}&#8221;][vc_column][vc_row_inner css=&#8221;.vc_custom_1627394454698{margin-bottom: 0px !important;padding-top: 30px !important;padding-bottom: 30px !important;}&#8221;][vc_column_inner][vc_column_text css=&#8221;.vc_custom_1766141011947{padding-bottom: 30px !important;}&#8221;]<\/p>\n<h2><span style=\"color: #ef7900;\">IMPRESSUM<\/span><\/h2>\n<p class=\"bodytext\"><strong><span style=\"color: #ffffff; font-size: 24px;\"><br \/>\nSimon Process Engineering GmbH<\/span><\/strong><\/p>\n<p><span style=\"color: #ff6600;\"><br \/>\n<strong><span style=\"color: #ef7900;\">Firmensitz:<\/span><\/strong><br \/>\n<span style=\"color: #ffffff;\">Alzeyer Stra\u00dfe 23<\/span><br \/>\n<span style=\"color: #ffffff;\">55457 Gensingen<\/span><\/span><\/p>\n<p><span style=\"color: #ffffff;\"><br \/>\n<strong>Telefon:<\/strong> 06727 43693-30<br \/>\n<\/span><\/p>\n<p><span style=\"color: #ef7900;\"><span style=\"color: #ffffff;\">E-Mail:<\/span> <a href=\"mailto:info@simon-pe.de\"><span style=\"color: #ffffff;\">info@simon-pe.de<\/span><\/a><\/span><\/p>\n<p><span style=\"color: #ef7900;\"><br \/>\n<strong>Gesch\u00e4ftsf\u00fchrer:<\/strong><br \/>\n<span style=\"color: #ffffff;\">Anette Simon<\/span><br \/>\n<span style=\"color: #ffffff;\">Heiko Oberl\u00e4nder<\/span><\/span><\/p>\n<p><span style=\"color: #ef7900;\"><br \/>\n<span style=\"color: #ffffff;\"><strong>Registergericht:<\/strong> Amtsgericht Mainz<\/span><br \/>\n<strong><span style=\"color: #ffffff;\">Registernummer:<\/span><\/strong> <span style=\"color: #ffffff;\">HRB 52832<br \/>\n<\/span><\/span><\/p>\n<p><span style=\"color: #ef7900;\"><span style=\"color: #ffffff;\"><strong>USt-ID-Nr:<\/strong><\/span> <span style=\"color: #ffffff;\">DE 201 357 535<\/span><\/span><\/p>\n<p><span style=\"color: #ef7900;\"><strong><span style=\"color: #ffffff;\">Internet:<\/span><\/strong> <span style=\"color: #ffffff;\">https:\/\/www.simon-pe.de<\/span><\/span>[\/vc_column_text][\/vc_column_inner][\/vc_row_inner][\/vc_column][\/vc_row]<\/p>\n","protected":false},"excerpt":{"rendered":"<p>[vc_row full_width=&#8221;stretch_row&#8221; css=&#8221;.vc_custom_1467893284398{margin-top: 0px !important;margin-bottom: 0px !important;padding-top: 10px !important;padding-bottom: 80px !important;}&#8221;][vc_column][vc_row_inner css=&#8221;.vc_custom_1627394454698{margin-bottom: 0px !important;padding-top: 30px !important;padding-bottom: 30px !important;}&#8221;][vc_column_inner][vc_column_text css=&#8221;.vc_custom_1766141011947{padding-bottom: 30px !important;}&#8221;] IMPRESSUM Simon Process Engineering GmbH Firmensitz: Alzeyer Stra\u00dfe 23 55457 Gensingen Telefon: 06727 43693-30 E-Mail: info@simon-pe.de Gesch\u00e4ftsf\u00fchrer: Anette Simon Heiko Oberl\u00e4nder Registergericht: Amtsgericht Mainz Registernummer: HRB 52832 USt-ID-Nr: DE 201 357 535 Internet: https:\/\/www.simon-pe.de[\/vc_column_text][\/vc_column_inner][\/vc_row_inner][\/vc_column][\/vc_row]<\/p>\n","protected":false},"author":1,"featured_media":0,"parent":6510,"menu_order":7,"comment_status":"closed","ping_status":"closed","template":"","meta":{"footnotes":""},"class_list":["post-6541","page","type-page","status-publish","hentry"],"_links":{"self":[{"href":"https:\/\/simon-pe.de\/main\/wp-json\/wp\/v2\/pages\/6541","targetHints":{"allow":["GET"]}}],"collection":[{"href":"https:\/\/simon-pe.de\/main\/wp-json\/wp\/v2\/pages"}],"about":[{"href":"https:\/\/simon-pe.de\/main\/wp-json\/wp\/v2\/types\/page"}],"author":[{"embeddable":true,"href":"https:\/\/simon-pe.de\/main\/wp-json\/wp\/v2\/users\/1"}],"replies":[{"embeddable":true,"href":"https:\/\/simon-pe.de\/main\/wp-json\/wp\/v2\/comments?post=6541"}],"version-history":[{"count":36,"href":"https:\/\/simon-pe.de\/main\/wp-json\/wp\/v2\/pages\/6541\/revisions"}],"predecessor-version":[{"id":7500,"href":"https:\/\/simon-pe.de\/main\/wp-json\/wp\/v2\/pages\/6541\/revisions\/7500"}],"up":[{"embeddable":true,"href":"https:\/\/simon-pe.de\/main\/wp-json\/wp\/v2\/pages\/6510"}],"wp:attachment":[{"href":"https:\/\/simon-pe.de\/main\/wp-json\/wp\/v2\/media?parent=6541"}],"curies":[{"name":"wp","href":"https:\/\/api.w.org\/{rel}","templated":true}]}}